{"id":21749,"date":"2025-06-02T09:13:13","date_gmt":"2025-06-02T07:13:13","guid":{"rendered":"https:\/\/ciberespiral.org\/?post_type=product&#038;p=21749"},"modified":"2026-04-17T09:13:08","modified_gmt":"2026-04-17T07:13:08","slug":"socio-espiral","status":"publish","type":"product","link":"https:\/\/ciberespiral.org\/es\/producte\/socio-espiral\/","title":{"rendered":"Socio Espiral"},"content":{"rendered":"<p>Para instituciones solicite una subscripci\u00f3n institucional b\u00e0sica o pr\u00e9miun.<\/p>\n<div id=\"guidejar-container\" style=\"position: fixed; width: 0px; height: 0px; top: 0px; left: 0px; z-index: 2147483647; overflow: visible;\"><\/div>\n","protected":false},"excerpt":{"rendered":"<p>\u00bfQuieres estar al d\u00eda de los eventos, jornadas y actividades formativas organizadas por la asociaci\u00f3n?<\/p>\n<div id=\"guidejar-container\" style=\"position: fixed; width: 0px; height: 0px; top: 0px; left: 0px; z-index: 2147483647; overflow: visible;\"><\/div>\n","protected":false},"featured_media":21887,"template":"","meta":{"_acf_changed":false,"_et_pb_use_builder":"","_et_pb_old_content":"","_et_gb_content_width":""},"product_brand":[],"product_cat":[769],"product_tag":[],"class_list":{"0":"post-21749","1":"product","2":"type-product","3":"status-publish","4":"has-post-thumbnail","6":"product_cat-sin-categoria","8":"first","9":"onbackorder","10":"virtual","11":"purchasable","12":"product-type-simple"},"acf":[],"_links":{"self":[{"href":"https:\/\/ciberespiral.org\/es\/wp-json\/wp\/v2\/product\/21749","targetHints":{"allow":["GET"]}}],"collection":[{"href":"https:\/\/ciberespiral.org\/es\/wp-json\/wp\/v2\/product"}],"about":[{"href":"https:\/\/ciberespiral.org\/es\/wp-json\/wp\/v2\/types\/product"}],"wp:featuredmedia":[{"embeddable":true,"href":"https:\/\/ciberespiral.org\/es\/wp-json\/wp\/v2\/media\/21887"}],"wp:attachment":[{"href":"https:\/\/ciberespiral.org\/es\/wp-json\/wp\/v2\/media?parent=21749"}],"wp:term":[{"taxonomy":"product_brand","embeddable":true,"href":"https:\/\/ciberespiral.org\/es\/wp-json\/wp\/v2\/product_brand?post=21749"},{"taxonomy":"product_cat","embeddable":true,"href":"https:\/\/ciberespiral.org\/es\/wp-json\/wp\/v2\/product_cat?post=21749"},{"taxonomy":"product_tag","embeddable":true,"href":"https:\/\/ciberespiral.org\/es\/wp-json\/wp\/v2\/product_tag?post=21749"}],"curies":[{"name":"wp","href":"https:\/\/api.w.org\/{rel}","templated":true}]}}