{"id":21272,"date":"2025-02-12T18:53:53","date_gmt":"2025-02-12T16:53:53","guid":{"rendered":"https:\/\/ciberespiral.org\/unete\/"},"modified":"2026-04-16T13:22:52","modified_gmt":"2026-04-16T11:22:52","slug":"unete","status":"publish","type":"page","link":"https:\/\/ciberespiral.org\/es\/unete\/","title":{"rendered":"\u00danete"},"content":{"rendered":"<p>[et_pb_section fb_built=\u00bb1&#8243; fullwidth=\u00bbon\u00bb _builder_version=\u00bb4.17.6&#8243; animation_style=\u00bbslide\u00bb animation_direction=\u00bbtop\u00bb animation_intensity_slide=\u00bb2%\u00bb animation_starting_opacity=\u00bb100%\u00bb da_disable_devices=\u00bboff|off|off\u00bb locked=\u00bboff\u00bb global_colors_info=\u00bb{}\u00bb da_is_popup=\u00bboff\u00bb da_exit_intent=\u00bboff\u00bb da_has_close=\u00bbon\u00bb da_alt_close=\u00bboff\u00bb da_dark_close=\u00bboff\u00bb da_not_modal=\u00bbon\u00bb da_is_singular=\u00bboff\u00bb da_with_loader=\u00bboff\u00bb da_has_shadow=\u00bbon\u00bb][et_pb_fullwidth_header title=\u00bb\u00danete\u00bb content_max_width=\u00bb800px\u00bb _builder_version=\u00bb4.27.4&#8243; title_level=\u00bbh2&#8243; title_font=\u00bbRubik Mono One||||||||\u00bb title_font_size=\u00bb42px\u00bb title_line_height=\u00bb1.2em\u00bb content_font=\u00bb||||||||\u00bb content_font_size=\u00bb20px\u00bb content_line_height=\u00bb1.8em\u00bb background_color=\u00bbrgba(255, 255, 255, 0)\u00bb use_background_color_gradient=\u00bbon\u00bb background_color_gradient_direction=\u00bb90deg\u00bb background_color_gradient_stops=\u00bbrgba(0,0,0,0.75) 0%|rgba(0,0,0,0) 100%\u00bb background_color_gradient_overlays_image=\u00bbon\u00bb background_color_gradient_start=\u00bbrgba(0,0,0,0.75)\u00bb background_color_gradient_end=\u00bbrgba(0,0,0,0)\u00bb background_image=\u00bbhttps:\/\/ciberespiral.org\/wp-content\/uploads\/2022\/09\/nenes_techno2-scaled.jpg\u00bb background_position=\u00bbtop_center\u00bb custom_button_one=\u00bbon\u00bb button_one_text_size=\u00bb18px\u00bb button_one_bg_color=\u00bb#02d002&#8243; button_one_border_width=\u00bb8px\u00bb button_one_border_color=\u00bb#02d002&#8243; button_one_border_radius=\u00bb0px\u00bb button_one_letter_spacing=\u00bb1px\u00bb button_one_font=\u00bbLato|700|||||||\u00bb button_one_use_icon=\u00bboff\u00bb custom_button_two=\u00bbon\u00bb button_two_text_size=\u00bb18px\u00bb button_two_text_color=\u00bb#353740&#8243; button_two_bg_color=\u00bb#ffffff\u00bb button_two_border_width=\u00bb8px\u00bb button_two_border_color=\u00bb#ffffff\u00bb button_two_border_radius=\u00bb0px\u00bb button_two_letter_spacing=\u00bb1px\u00bb button_two_font=\u00bbLato|700|||||||\u00bb button_two_use_icon=\u00bboff\u00bb custom_margin=\u00bb|||\u00bb custom_padding=\u00bb8%||8%|\u00bb button_one_letter_spacing_hover=\u00bb1px\u00bb button_two_letter_spacing_hover=\u00bb1px\u00bb locked=\u00bboff\u00bb global_colors_info=\u00bb{}\u00bb button_one_text_size__hover_enabled=\u00bboff\u00bb button_two_text_size__hover_enabled=\u00bboff\u00bb button_one_text_color__hover_enabled=\u00bboff\u00bb button_two_text_color__hover_enabled=\u00bboff\u00bb button_one_border_width__hover_enabled=\u00bboff\u00bb button_two_border_width__hover_enabled=\u00bboff\u00bb button_one_border_color__hover_enabled=\u00bboff\u00bb button_two_border_color__hover_enabled=\u00bboff\u00bb button_one_border_radius__hover_enabled=\u00bboff\u00bb button_two_border_radius__hover_enabled=\u00bboff\u00bb button_one_letter_spacing__hover_enabled=\u00bbon\u00bb button_one_letter_spacing__hover=\u00bb1px\u00bb button_two_letter_spacing__hover_enabled=\u00bbon\u00bb button_two_letter_spacing__hover=\u00bb1px\u00bb button_one_bg_color__hover_enabled=\u00bboff\u00bb button_two_bg_color__hover_enabled=\u00bboff\u00bb][\/et_pb_fullwidth_header][\/et_pb_section][et_pb_section fb_built=\u00bb1&#8243; fullwidth=\u00bbon\u00bb _builder_version=\u00bb4.17.4&#8243; _module_preset=\u00bbdefault\u00bb da_disable_devices=\u00bboff|off|off\u00bb box_shadow_style=\u00bbpreset3&#8243; global_colors_info=\u00bb{}\u00bb da_is_popup=\u00bboff\u00bb da_exit_intent=\u00bboff\u00bb da_has_close=\u00bbon\u00bb da_alt_close=\u00bboff\u00bb da_dark_close=\u00bboff\u00bb da_not_modal=\u00bbon\u00bb da_is_singular=\u00bboff\u00bb da_with_loader=\u00bboff\u00bb da_has_shadow=\u00bbon\u00bb][et_pb_fullwidth_menu menu_id=\u00bb747&#8243; dropdown_menu_active_link_color=\u00bb#A53860&#8243; _builder_version=\u00bb4.27.4&#8243; _module_preset=\u00bbdefault\u00bb global_colors_info=\u00bb{}\u00bb][\/et_pb_fullwidth_menu][\/et_pb_section][et_pb_section fb_built=\u00bb1&#8243; admin_label=\u00bbuneix-te\u00bb _builder_version=\u00bb4.27.4&#8243; _module_preset=\u00bbdefault\u00bb da_disable_devices=\u00bboff|off|off\u00bb global_colors_info=\u00bb{}\u00bb da_is_popup=\u00bboff\u00bb da_exit_intent=\u00bboff\u00bb da_has_close=\u00bbon\u00bb da_alt_close=\u00bboff\u00bb da_dark_close=\u00bboff\u00bb da_not_modal=\u00bbon\u00bb da_is_singular=\u00bboff\u00bb da_with_loader=\u00bboff\u00bb da_has_shadow=\u00bbon\u00bb][et_pb_row _builder_version=\u00bb4.27.4&#8243; _module_preset=\u00bbdefault\u00bb global_colors_info=\u00bb{}\u00bb][et_pb_column type=\u00bb4_4&#8243; _builder_version=\u00bb4.27.4&#8243; _module_preset=\u00bbdefault\u00bb global_colors_info=\u00bb{}\u00bb][et_pb_text _builder_version=\u00bb4.17.6&#8243; _module_preset=\u00bbdefault\u00bb global_colors_info=\u00bb{}\u00bb]<\/p>\n<h3><strong><span>Quiero participar en Technovation Girls, \u00bfc\u00f3mo puedo empezar?<\/span><\/strong><\/h3>\n<p>[\/et_pb_text][\/et_pb_column][\/et_pb_row][et_pb_row column_structure=\u00bb1_3,1_3,1_3&#8243; make_equal=\u00bbon\u00bb _builder_version=\u00bb4.27.4&#8243; _module_preset=\u00bbdefault\u00bb global_colors_info=\u00bb{}\u00bb][et_pb_column type=\u00bb1_3&#8243; _builder_version=\u00bb4.27.4&#8243; _module_preset=\u00bbdefault\u00bb global_colors_info=\u00bb{}\u00bb][et_pb_cta title=\u00bbParticipante (Ni\u00f1as y j\u00f3venes de 8-18 a\u00f1os)\u00bb button_url=\u00bbhttps:\/\/my.technovationchallenge.org\/signup#\/\u00bb url_new_window=\u00bbon\u00bb button_text=\u00bbInscr\u00edbete\u00bb _builder_version=\u00bb4.27.4&#8243; _module_preset=\u00bbdefault\u00bb header_font=\u00bbPoppins|600|||||||\u00bb body_font=\u00bbPoppins||||||||\u00bb body_text_color=\u00bb#FFFFFF\u00bb background_color=\u00bb#43B02A\u00bb custom_button=\u00bbon\u00bb button_text_color=\u00bb#FFFFFF\u00bb button_bg_color=\u00bb#43B02A\u00bb button_border_width=\u00bb2px\u00bb button_border_radius=\u00bb2px\u00bb button_font=\u00bbPoppins||||||||\u00bb link_option_url=\u00bbhttps:\/\/my.technovationchallenge.org\/signup#\/\u00bb box_shadow_style=\u00bbpreset4&#8243; box_shadow_color=\u00bb#ffb81c\u00bb global_colors_info=\u00bb{}\u00bb]<\/p>\n<p>Explora el mundo de la tecnolog\u00eda y el emprendimiento desarrollando aplicaciones que resuelvan problemas reales de tu entorno. \u00danete a un equipo y trabaja con mentoras que te guiar\u00e1n en este viaje de aprendizaje e innovaci\u00f3n.<\/p>\n<p><img loading=\"lazy\" decoding=\"async\" src=\"https:\/\/ciberespiral.org\/wp-content\/uploads\/2025\/01\/nenas-1-e1737123796321.png\" width=\"2240\" height=\"1520\" alt=\"Participante\" class=\"wp-image-20979 alignnone size-full\" \/><\/p>\n<p>\ud83d\udca1 \u00bfTienes dudas sobre c\u00f3mo inscribirte? Consulta el videotutorial siguiente con los pasos:<\/p>\n<p><strong><span style=\"text-decoration: underline;\"><span style=\"color: #008000; text-decoration: underline;\"><a href=\"https:\/\/youtu.be\/GHbEiQixrYI?si=6tvt-x1pKuervpJ_\" style=\"color: #008000; text-decoration: underline;\" target=\"_blank\" rel=\"noopener\" title=\"Registro participante de 8 - 12 a\u00f1os\">de 8 a 12 a\u00f1os,<\/a><\/span><\/span><\/strong><\/p>\n<p><span style=\"color: #008000;\"><a href=\"https:\/\/youtu.be\/qWJtxKodO3w?si=QbircpsrHVUn_BEf\" style=\"color: #008000;\" target=\"_blank\" rel=\"noopener\" title=\"Registro participante de 13-18 a\u00f1os\"><strong>de 13 a 18 a\u00f1os.<\/strong><\/a><\/span><\/p>\n<p>[\/et_pb_cta][et_pb_accordion open_toggle_text_color=\u00bb#FFFFFF\u00bb open_toggle_background_color=\u00bb#ffb81c\u00bb closed_toggle_text_color=\u00bb#FFFFFF\u00bb closed_toggle_background_color=\u00bb#ffb81c\u00bb toggle_icon=\u00bb&#x3b;||divi||400&#8243; icon_color=\u00bb#FFFFFF\u00bb use_icon_font_size=\u00bbon\u00bb icon_font_size=\u00bb25px\u00bb _builder_version=\u00bb4.27.4&#8243; _module_preset=\u00bbdefault\u00bb toggle_text_color=\u00bb#FFFFFF\u00bb toggle_font=\u00bbPoppins|600|||||||\u00bb closed_toggle_font=\u00bbPoppins|600|||||||\u00bb body_font=\u00bbPoppins||||||||\u00bb body_text_color=\u00bb#FFFFFF\u00bb background_color=\u00bb#FFFFFF\u00bb link_option_url=\u00bbhttps:\/\/forms.gle\/NRBG2MoxX5ss47rU9&#8243; link_option_url_new_window=\u00bbon\u00bb db_initial_state=\u00bball_open\u00bb global_colors_info=\u00bb{}\u00bb][et_pb_accordion_item title=\u00bb\u00bfBuscas m\u00e1s compa\u00f1eras o mentoras?\u00bb open=\u00bbon\u00bb open_toggle_background_color=\u00bb#ffb81c\u00bb closed_toggle_background_color=\u00bb#ffb81c\u00bb icon_color=\u00bb#FFFFFF\u00bb toggle_icon=\u00bb&#x39;||divi||400&#8243; use_icon_font_size=\u00bbon\u00bb open_icon_color=\u00bb#FFFFFF\u00bb open_use_icon_font_size=\u00bbon\u00bb _builder_version=\u00bb4.27.4&#8243; _module_preset=\u00bbdefault\u00bb background_color=\u00bb#43B02A\u00bb background_enable_color=\u00bbon\u00bb link_option_url=\u00bbhttps:\/\/forms.gle\/NRBG2MoxX5ss47rU9&#8243; link_option_url_new_window=\u00bbon\u00bb global_colors_info=\u00bb{}\u00bb]<\/p>\n<p>\u00bfBuscas m\u00e1s compa\u00f1eras para tu equipo o necesita una mentora? \u00a1Inscr\u00edbete en el <span style=\"text-decoration: underline;\">siguiente formulario<\/span> y te ayudaremos a encontrar m\u00e1s compa\u00f1eras o una mentora para este viaje! <\/p>\n<p>[\/et_pb_accordion_item][\/et_pb_accordion][\/et_pb_column][et_pb_column type=\u00bb1_3&#8243; _builder_version=\u00bb4.27.4&#8243; _module_preset=\u00bbdefault\u00bb global_colors_info=\u00bb{}\u00bb][et_pb_cta title=\u00bbMentor@ (Adulto +18 a\u00f1os)\u00bb button_url=\u00bbhttps:\/\/my.technovationchallenge.org\/signup#\/\u00bb button_text=\u00bbInscr\u00edbete\u00bb _builder_version=\u00bb4.27.6&#8243; _module_preset=\u00bbdefault\u00bb header_font=\u00bbPoppins|600|||||||\u00bb background_color=\u00bb#D0006F\u00bb custom_button=\u00bbon\u00bb button_font=\u00bbPoppins||||||||\u00bb link_option_url=\u00bbhttps:\/\/my.technovationchallenge.org\/signup#\/\u00bb link_option_url_new_window=\u00bbon\u00bb hover_enabled=\u00bb0&#8243; box_shadow_style=\u00bbpreset4&#8243; box_shadow_color=\u00bb#0076CF\u00bb global_colors_info=\u00bb{}\u00bb sticky_enabled=\u00bb0&#8243;]<\/p>\n<p>Inspira y gu\u00eda a j\u00f3venes apasionadas por la tecnolog\u00eda ayud\u00e1ndoles a desarrollar sus habilidades en programaci\u00f3n y resoluci\u00f3n de problemas.<br \/>Comparte tu conocimiento y experiencia como mentora en Technovation.<\/p>\n<p><img loading=\"lazy\" decoding=\"async\" src=\"https:\/\/ciberespiral.org\/wp-content\/uploads\/2025\/01\/mentora-scaled.jpg\" width=\"2560\" height=\"1707\" alt=\"Mentora\" class=\"wp-image-20976 alignnone size-full\" srcset=\"https:\/\/ciberespiral.org\/wp-content\/uploads\/2025\/01\/mentora-scaled.jpg 2560w, https:\/\/ciberespiral.org\/wp-content\/uploads\/2025\/01\/mentora-1280x854.jpg 1280w, https:\/\/ciberespiral.org\/wp-content\/uploads\/2025\/01\/mentora-980x653.jpg 980w, https:\/\/ciberespiral.org\/wp-content\/uploads\/2025\/01\/mentora-480x320.jpg 480w\" sizes=\"(min-width: 0px) and (max-width: 480px) 480px, (min-width: 481px) and (max-width: 980px) 980px, (min-width: 981px) and (max-width: 1280px) 1280px, (min-width: 1281px) 2560px, 100vw\" \/><\/p>\n<p>\ud83d\udca1 \u00bfTienes dudas sobre c\u00f3mo inscribirte? Consulta nuestro <strong><a href=\"https:\/\/youtu.be\/V0BygUpTs6s?si=zAQzqczdpqnji-PA\" target=\"_blank\" rel=\"noopener\" title=\"Registro mentora\">videotutorial en YouTube aqu\u00ed<\/a>,<\/strong> donde te mostramos paso a paso c\u00f3mo completar tu inscripci\u00f3n de forma r\u00e1pida y sencilla.<\/p>\n<p>&nbsp;<\/p>\n<p>[\/et_pb_cta][et_pb_accordion open_toggle_background_color=\u00bb#0076CF\u00bb closed_toggle_background_color=\u00bb#0076CF\u00bb toggle_icon=\u00bb&#x3b;||divi||400&#8243; icon_color=\u00bb#FFFFFF\u00bb use_icon_font_size=\u00bbon\u00bb icon_font_size=\u00bb25px\u00bb _builder_version=\u00bb4.27.4&#8243; _module_preset=\u00bbdefault\u00bb link_option_url=\u00bbhttps:\/\/forms.gle\/mKxhxCJxCTVV5jqt7&#8243; link_option_url_new_window=\u00bbon\u00bb db_initial_state=\u00bball_open\u00bb global_colors_info=\u00bb{}\u00bb][et_pb_accordion_item title=\u00bb\u00bfBuscas un equipo?\u00bb open=\u00bbon\u00bb open_toggle_text_color=\u00bb#FFFFFF\u00bb open_toggle_background_color=\u00bb#0076CF\u00bb closed_toggle_text_color=\u00bb#FFFFFF\u00bb closed_toggle_background_color=\u00bb#0076CF\u00bb icon_color=\u00bb#FFFFFF\u00bb toggle_icon=\u00bb&#x39;||divi||400&#8243; open_icon_color=\u00bb#FFFFFF\u00bb _builder_version=\u00bb4.27.4&#8243; _module_preset=\u00bbdefault\u00bb body_font=\u00bbPoppins||||||||\u00bb body_text_color=\u00bb#FFFFFF\u00bb link_option_url=\u00bbhttps:\/\/forms.gle\/mKxhxCJxCTVV5jqt7&#8243; link_option_url_new_window=\u00bbon\u00bb global_colors_info=\u00bb{}\u00bb toggle_text_color=\u00bb#FFFFFF\u00bb toggle_font=\u00bbPoppins|600|||||||\u00bb closed_toggle_font=\u00bbPoppins||||||||\u00bb]<\/p>\n<p>\u00a1Te podemos ayudar a encontrar un equipo perfecto para ti!.<\/p>\n<p>\u00a1Completa el <span style=\"text-decoration: underline;\">siguiente formulario<\/span> y empieza esta experiencia enriquecedora!<\/p>\n<p>[\/et_pb_accordion_item][\/et_pb_accordion][\/et_pb_column][et_pb_column _builder_version=\u00bb4.27.6&#8243; _module_preset=\u00bbdefault\u00bb type=\u00bb1_3&#8243;][et_pb_cta title=\u00bbJurad@ (Adulto 18+)\u00bb button_text=\u00bbInscr\u00edbete\u00bb _builder_version=\u00bb4.27.6&#8243; _module_preset=\u00bbdefault\u00bb box_shadow_style=\u00bbpreset4&#8243; box_shadow_color=\u00bb#43B02A\u00bb body_text_color=\u00bb#FFFFFF\u00bb hover_enabled=\u00bb0&#8243; sticky_enabled=\u00bb0&#8243; button_url=\u00bbhttps:\/\/my.technovationchallenge.org\/signup#\/\u00bb url_new_window=\u00bbon\u00bb link_option_url_new_window=\u00bbon\u00bb header_font=\u00bb||||||||\u00bb background_color=\u00bb#E09900&#8243;]<\/p>\n<p><strong>\u00bfTe gustar\u00eda formar parte del jurado y vivir la experiencia desde dentro?<\/strong> Puedes participar <strong>en l\u00ednea o presencialmente el 16 de mayo <\/strong>dando feedback a los proyectos desarrollados por equipos de ni\u00f1as y j\u00f3venes que est\u00e1n resolviendo retos reales con tecnolog\u00eda.<\/p>\n<p>\u00a1Buscamos personas con ganas de participar y dar feedback!<\/p>\n<p><strong> Inscr\u00edbete en la plataforma<\/strong> y forma parte de esta experiencia inspiradora. Ay\u00fadanos a impulsar el talento y acompa\u00f1ar a la pr\u00f3xima generaci\u00f3n de innovadoras.<\/p>\n<p>[\/et_pb_cta][\/et_pb_column][\/et_pb_row][et_pb_row column_structure=\u00bb1_2,1_2&#8243; _builder_version=\u00bb4.17.6&#8243; _module_preset=\u00bbdefault\u00bb global_colors_info=\u00bb{}\u00bb][et_pb_column type=\u00bb1_2&#8243; _builder_version=\u00bb4.17.6&#8243; _module_preset=\u00bbdefault\u00bb global_colors_info=\u00bb{}\u00bb][et_pb_text _builder_version=\u00bb4.17.6&#8243; _module_preset=\u00bbdefault\u00bb global_colors_info=\u00bb{}\u00bb]<\/p>\n<p><span><strong>Si eres una chica entre 8-18 a\u00f1os:<\/strong><\/span><\/p>\n<ul>\n<li><span>Explica el programa a tus compa\u00f1eras de la <strong>escuela<\/strong> (Puedes utilizar la presentaci\u00f3n anteriormente citada). Si eres de Barcelona, \u200b\u200btambi\u00e9n puedes dirigirte a la <strong>biblioteca<\/strong> m\u00e1s cercana de tu casa y preguntar por Technovation Girls. <\/span><\/li>\n<li><span>Anima a las chicas de tu escuela a crear sus propios <strong>grupos<\/strong> (m\u00e1ximo 5 miembros).<\/span><\/li>\n<li><span>Encuentra a una persona <strong>mentora<\/strong> que acompa\u00f1e y gu\u00ede al grupo en el <strong>proceso de ense\u00f1anza-aprendizaje<\/strong> . En caso de no encontrar personas mentoras, nosotros podemos ayudarle a encontrarla ya encontrar m\u00e1s compa\u00f1eras de equipo. <a href=\"https:\/\/forms.gle\/LXfBpxt8o7ELRhwc8\">Inscr\u00edbete<\/a><\/span><\/li>\n<\/ul>\n<p>[\/et_pb_text][\/et_pb_column][et_pb_column type=\u00bb1_2&#8243; _builder_version=\u00bb4.17.6&#8243; _module_preset=\u00bbdefault\u00bb global_colors_info=\u00bb{}\u00bb][et_pb_text _builder_version=\u00bb4.27.4&#8243; _module_preset=\u00bbdefault\u00bb global_colors_info=\u00bb{}\u00bb]<\/p>\n<p style=\"text-align: justify;\"><span style=\"font-size: 14px;\"><span style=\"font-family: arial,helvetica,sans-serif;\"><span style=\"font-size: 16px;\"><strong>Si eres una persona adulta interesada en <span style=\"box-sizing: border-box;\">mentorizar<\/span> a un grupo de j\u00f3venes:<\/strong><\/span><\/span><\/span><\/p>\n<ul>\n<li style=\"text-align: justify;\"><span style=\"font-size: 14px;\"><span style=\"font-family: arial,helvetica,sans-serif;\">Contacta con nosotros en <a href=\"http:\/\/holamentora@ciberespiral.org\">holamentora@ciberespiral.org<\/a> o reg\u00edstrate en la web oficial de <a href=\"http:\/\/www.technovationchallenge.org\"><span style=\"box-sizing: border-box;\">Technovation<\/span> <span style=\"box-sizing: border-box;\">Girls<\/span><\/a> para que sepamos que quieres <span style=\"box-sizing: border-box;\">mentorizar<\/span> un grupo de chicas.<\/span><\/span><\/li>\n<li style=\"text-align: justify;\"><span style=\"font-size: 14px;\"><span style=\"font-family: arial,helvetica,sans-serif;\">Encuentra a tu(s) grupo(s). En caso de no encontrar un grupo, nosotros podemos ayudarte para asignarte uno, <a href=\"https:\/\/forms.gle\/nzXQm2BgTqLTPh1s7\">inscr\u00edbete.<\/a> La dedicaci\u00f3n de la persona mentora es de entre 2 y 4 horas a la semana. No es necesario un perfil tecnol\u00f3gico y adem\u00e1s es posible <span style=\"box-sizing: border-box;\">co-mentorizar<\/span> el equipo. <br \/><\/span><\/span><\/li>\n<li style=\"text-align: justify;\"><span style=\"font-size: 14px;\"><span style=\"font-family: arial,helvetica,sans-serif;\">\u00danete al grupo de <span style=\"box-sizing: border-box;\">telegram<\/span>\u00a0para poder compartir dudas con las\/os mentoras: <a href=\"https:\/\/t.me\/infotechnovationcat%20%E2%80%8B\">https:\/\/t.me\/infotechnovationcat<\/a><\/span><\/span><\/li>\n<\/ul>\n<p>[\/et_pb_text][\/et_pb_column][\/et_pb_row][et_pb_row _builder_version=\u00bb4.17.6&#8243; _module_preset=\u00bbdefault\u00bb global_colors_info=\u00bb{}\u00bb][et_pb_column type=\u00bb4_4&#8243; _builder_version=\u00bb4.17.6&#8243; _module_preset=\u00bbdefault\u00bb global_colors_info=\u00bb{}\u00bb][et_pb_text _builder_version=\u00bb4.27.0&#8243; _module_preset=\u00bbdefault\u00bb global_colors_info=\u00bb{}\u00bb]<\/p>\n<h3><span>\u00bfQu\u00e9 te ofrece Technovation Girls?<\/span><\/h3>\n<ul>\n<li><span>Apoyo y acompa\u00f1amiento continuo a trav\u00e9s de <strong>canales digitales (twitter, instagram, telegram)<\/strong> , a trav\u00e9s de los cuales formaremos una comunidad de aprendizaje para las mentoras.<\/span><\/li>\n<li><span><strong>Sesiones de orientaci\u00f3n<\/strong> para mentoras\/es donde se ofrece informaci\u00f3n sobre el programa, metas y objetivos, el rol de mentor, el valor del trabajo en equipo y con las mentoras y las tecnolog\u00edas para desarrollar la aplicaci\u00f3n m\u00f3vil (configuraci\u00f3n de los equipos, herramientas y tutoriales disponibles)<\/span><\/li>\n<li><span><strong>Formaciones exclusivas<\/strong> sobre los cuatro pilares del proyecto, <strong>innovaci\u00f3n, emprendimiento, tecnolog\u00eda y comunicaci\u00f3n.<\/strong><\/span><\/li>\n<li><span><strong>Consejos y asesoramientos<\/strong> especiales con <strong>Coach<\/strong> expertas que nos ayuden a abordar el reto Technovation Girl.<\/span><span id=\"result_box\" lang=\"ca\"><span><\/span><\/span><\/li>\n<\/ul>\n<h3><span>\u00bfEst\u00e1s interesada?<\/span><\/h3>\n<p><span>Technovation Girl es un reto muy emocionante. <strong>Es un concurso que va m\u00e1s all\u00e1, mostrando a las m\u00e1s j\u00f3venes que ellas tambi\u00e9n son protagonistas del \u00e1mbito tecnol\u00f3gico y empresarial<\/strong> .<\/span><\/p>\n<p>Si quieres m\u00e1s informaci\u00f3n, contacta con nosotros en: <a href=\"http:\/\/girls4change@ciberespiral.org\/\">technovationcat@ciberespiral.org<\/a><\/p>\n<p><strong>\u00a1Contamos con vosotros para acompa\u00f1ar a m\u00e1s chicas hacia el \u00e9xito!<\/strong><\/p>\n<p>[\/et_pb_text][\/et_pb_column][\/et_pb_row][\/et_pb_section]<\/p>\n","protected":false},"excerpt":{"rendered":"<p>Quiero participar en Technovation Girls, \u00bfc\u00f3mo puedo empezar?Explora el mundo de la tecnolog\u00eda y el emprendimiento desarrollando aplicaciones que resuelvan problemas reales de tu entorno. \u00danete a un equipo y trabaja con mentoras que te guiar\u00e1n en este viaje de aprendizaje e innovaci\u00f3n. \ud83d\udca1 \u00bfTienes dudas sobre c\u00f3mo inscribirte? Consulta el videotutorial siguiente con los [&hellip;]<\/p>\n","protected":false},"author":1,"featured_media":0,"parent":0,"menu_order":0,"comment_status":"closed","ping_status":"closed","template":"","meta":{"_acf_changed":false,"_et_pb_use_builder":"on","_et_pb_old_content":"","_et_gb_content_width":"","footnotes":""},"class_list":["post-21272","page","type-page","status-publish","hentry"],"acf":[],"_links":{"self":[{"href":"https:\/\/ciberespiral.org\/es\/wp-json\/wp\/v2\/pages\/21272","targetHints":{"allow":["GET"]}}],"collection":[{"href":"https:\/\/ciberespiral.org\/es\/wp-json\/wp\/v2\/pages"}],"about":[{"href":"https:\/\/ciberespiral.org\/es\/wp-json\/wp\/v2\/types\/page"}],"author":[{"embeddable":true,"href":"https:\/\/ciberespiral.org\/es\/wp-json\/wp\/v2\/users\/1"}],"replies":[{"embeddable":true,"href":"https:\/\/ciberespiral.org\/es\/wp-json\/wp\/v2\/comments?post=21272"}],"version-history":[{"count":17,"href":"https:\/\/ciberespiral.org\/es\/wp-json\/wp\/v2\/pages\/21272\/revisions"}],"predecessor-version":[{"id":22999,"href":"https:\/\/ciberespiral.org\/es\/wp-json\/wp\/v2\/pages\/21272\/revisions\/22999"}],"wp:attachment":[{"href":"https:\/\/ciberespiral.org\/es\/wp-json\/wp\/v2\/media?parent=21272"}],"curies":[{"name":"wp","href":"https:\/\/api.w.org\/{rel}","templated":true}]}}