{"id":16819,"date":"2023-04-04T07:55:41","date_gmt":"2023-04-04T05:55:41","guid":{"rendered":"https:\/\/ciberespiral.org\/?page_id=16819"},"modified":"2023-07-11T12:18:10","modified_gmt":"2023-07-11T10:18:10","slug":"jornadas-de-programacion-robotica-e-impresion-3d","status":"publish","type":"page","link":"https:\/\/ciberespiral.org\/es\/jornadas-de-programacion-robotica-e-impresion-3d\/","title":{"rendered":"Jornadas de programaci\u00f3n, rob\u00f3tica e impresi\u00f3n 3D"},"content":{"rendered":"<p>[et_pb_section fb_built=\u00bb1&#8243; fullwidth=\u00bbon\u00bb _builder_version=\u00bb4.16&#8243; animation_style=\u00bbslide\u00bb animation_direction=\u00bbtop\u00bb animation_intensity_slide=\u00bb2%\u00bb animation_starting_opacity=\u00bb100%\u00bb da_disable_devices=\u00bboff|off|off\u00bb global_colors_info=\u00bb{}\u00bb da_is_popup=\u00bboff\u00bb da_exit_intent=\u00bboff\u00bb da_has_close=\u00bbon\u00bb da_alt_close=\u00bboff\u00bb da_dark_close=\u00bboff\u00bb da_not_modal=\u00bbon\u00bb da_is_singular=\u00bboff\u00bb da_with_loader=\u00bboff\u00bb da_has_shadow=\u00bbon\u00bb][et_pb_fullwidth_header title=\u00bbProgramaci\u00f3n, rob\u00f3tica e impresi\u00f3n 3D\u00bb content_max_width=\u00bb800px\u00bb _builder_version=\u00bb4.20.2&#8243; title_level=\u00bbh2&#8243; title_font=\u00bbLato||||||||\u00bb title_font_size=\u00bb60px\u00bb title_line_height=\u00bb1.2em\u00bb content_font=\u00bb||||||||\u00bb content_font_size=\u00bb20px\u00bb content_line_height=\u00bb1.8em\u00bb background_color=\u00bbrgba(255, 255, 255, 0)\u00bb use_background_color_gradient=\u00bbon\u00bb background_color_gradient_direction=\u00bb90deg\u00bb background_color_gradient_stops=\u00bbrgba(0,0,0,0.75) 0%|rgba(0,0,0,0) 100%\u00bb background_color_gradient_overlays_image=\u00bbon\u00bb background_color_gradient_start=\u00bbrgba(0,0,0,0.75)\u00bb background_color_gradient_end=\u00bbrgba(0,0,0,0)\u00bb background_image=\u00bbhttps:\/\/ciberespiral.org\/wp-content\/uploads\/2023\/04\/robots2.jpeg\u00bb background_position=\u00bbbottom_center\u00bb custom_button_one=\u00bbon\u00bb button_one_text_size=\u00bb18px\u00bb button_one_bg_color=\u00bb#02d002&#8243; button_one_border_width=\u00bb8px\u00bb button_one_border_color=\u00bb#02d002&#8243; button_one_border_radius=\u00bb0px\u00bb button_one_letter_spacing=\u00bb1px\u00bb button_one_font=\u00bbLato|700|||||||\u00bb button_one_use_icon=\u00bboff\u00bb custom_button_two=\u00bbon\u00bb button_two_text_size=\u00bb18px\u00bb button_two_text_color=\u00bb#353740&#8243; button_two_bg_color=\u00bb#ffffff\u00bb button_two_border_width=\u00bb8px\u00bb button_two_border_color=\u00bb#ffffff\u00bb button_two_border_radius=\u00bb0px\u00bb button_two_letter_spacing=\u00bb1px\u00bb button_two_font=\u00bbLato|700|||||||\u00bb button_two_use_icon=\u00bboff\u00bb custom_margin=\u00bb|||\u00bb custom_padding=\u00bb8%||8%|\u00bb button_one_letter_spacing_hover=\u00bb1px\u00bb button_two_letter_spacing_hover=\u00bb1px\u00bb locked=\u00bboff\u00bb global_colors_info=\u00bb{}\u00bb button_one_text_size__hover_enabled=\u00bboff\u00bb button_two_text_size__hover_enabled=\u00bboff\u00bb button_one_text_color__hover_enabled=\u00bboff\u00bb button_two_text_color__hover_enabled=\u00bboff\u00bb button_one_border_width__hover_enabled=\u00bboff\u00bb button_two_border_width__hover_enabled=\u00bboff\u00bb button_one_border_color__hover_enabled=\u00bboff\u00bb button_two_border_color__hover_enabled=\u00bboff\u00bb button_one_border_radius__hover_enabled=\u00bboff\u00bb button_two_border_radius__hover_enabled=\u00bboff\u00bb button_one_letter_spacing__hover_enabled=\u00bbon\u00bb button_one_letter_spacing__hover=\u00bb1px\u00bb button_two_letter_spacing__hover_enabled=\u00bbon\u00bb button_two_letter_spacing__hover=\u00bb1px\u00bb button_one_bg_color__hover_enabled=\u00bboff\u00bb button_two_bg_color__hover_enabled=\u00bboff\u00bb][\/et_pb_fullwidth_header][\/et_pb_section][et_pb_section fb_built=\u00bb1&#8243; _builder_version=\u00bb4.19.4&#8243; _module_preset=\u00bbdefault\u00bb da_disable_devices=\u00bboff|off|off\u00bb global_colors_info=\u00bb{}\u00bb da_is_popup=\u00bboff\u00bb da_exit_intent=\u00bboff\u00bb da_has_close=\u00bbon\u00bb da_alt_close=\u00bboff\u00bb da_dark_close=\u00bboff\u00bb da_not_modal=\u00bbon\u00bb da_is_singular=\u00bboff\u00bb da_with_loader=\u00bboff\u00bb da_has_shadow=\u00bbon\u00bb][et_pb_row _builder_version=\u00bb4.19.4&#8243; _module_preset=\u00bbdefault\u00bb global_colors_info=\u00bb{}\u00bb][et_pb_column type=\u00bb4_4&#8243; _builder_version=\u00bb4.19.4&#8243; _module_preset=\u00bbdefault\u00bb global_colors_info=\u00bb{}\u00bb][et_pb_text _builder_version=\u00bb4.20.4&#8243; _module_preset=\u00bbdefault\u00bb global_colors_info=\u00bb{}\u00bb]<\/p>\n<p>Las Jornadas <strong>Programaci\u00f3n, Rob\u00f3tica e Impresi\u00f3n 3D #PR3D<\/strong>, son el resultado de la colaboraci\u00f3n entre diferentes asociaciones y grupos, que se vienen realizando desde el a\u00f1o 2015, en torno a la Rob\u00f3tica, Programaci\u00f3n, Dise\u00f1o e Impresi\u00f3n 3D y cultura maker, as\u00ed como todo lo relacionado con los enfoques STEAM en el \u00e1mbito educativo.<\/p>\n<p>Las Jornadas est\u00e1n organizadas por la Asociaci\u00f3n <strong>Espiral<\/strong> Educaci\u00f3n y Tecnolog\u00eda, la Red Educativa <strong>DIM-EDU<\/strong>, la Asociaci\u00f3n <strong>Tramuntec<\/strong> y la Asociaci\u00f3n <strong>Bylinedu<\/strong> (Tecnolog\u00eda Inclusiva).<\/p>\n<p>Tienen como objetivo hacer visibles las buenas pr\u00e1cticas del profesorado que aplica estas \u00e1reas en el aula, al tiempo que deseamos aprovechar este espacio para colaborar en la formaci\u00f3n del personal docente para la aplicaci\u00f3n del Curr\u00edculum, de manera que la Jornada sea un espacio de reflexi\u00f3n educativa.<\/p>\n<p>Una reflexi\u00f3n que hacemos extensiva al conjunto de sectores implicados en el desarrollo de estas disciplinas en todos los niveles: Administraciones, Equipos Directivos, Docentes y Empresas que suministran equipamientos y formaci\u00f3n (reglada, o no) al alumnado y a los centros.<\/p>\n<p>Queremos tambi\u00e9n que la Jornada represente un escaparate de estas experiencias educativas, <strong>protagonizadas por el propio alumnado<\/strong>, para proporcionar referentes tanto al profesorado en activo como al alumnado que asista a las Jornadas.<\/p>\n<p>[\/et_pb_text][\/et_pb_column][\/et_pb_row][et_pb_row _builder_version=\u00bb4.20.2&#8243; _module_preset=\u00bbdefault\u00bb global_colors_info=\u00bb{}\u00bb][et_pb_column type=\u00bb4_4&#8243; _builder_version=\u00bb4.20.2&#8243; _module_preset=\u00bbdefault\u00bb global_colors_info=\u00bb{}\u00bb][et_pb_text _builder_version=\u00bb4.20.4&#8243; _module_preset=\u00bbdefault\u00bb custom_padding=\u00bb|||13px|false|false\u00bb border_width_all=\u00bb2px\u00bb global_colors_info=\u00bb{}\u00bb]<\/p>\n<h1>JORNADAS<\/h1>\n<p>[\/et_pb_text][\/et_pb_column][\/et_pb_row][et_pb_row column_structure=\u00bb1_3,1_3,1_3&#8243; _builder_version=\u00bb4.20.2&#8243; _module_preset=\u00bbdefault\u00bb global_colors_info=\u00bb{}\u00bb][et_pb_column type=\u00bb1_3&#8243; _builder_version=\u00bb4.20.2&#8243; _module_preset=\u00bbdefault\u00bb global_colors_info=\u00bb{}\u00bb][\/et_pb_column][et_pb_column type=\u00bb1_3&#8243; _builder_version=\u00bb4.20.2&#8243; _module_preset=\u00bbdefault\u00bb global_colors_info=\u00bb{}\u00bb][et_pb_image src=\u00bbhttps:\/\/ciberespiral.org\/wp-content\/uploads\/2023\/07\/valencia2.png\u00bb title_text=\u00bbvalencia2&#8243; url=\u00bbhttps:\/\/sites.google.com\/view\/pr3d2023\/inicio\u00bb url_new_window=\u00bbon\u00bb _builder_version=\u00bb4.21.0&#8243; _module_preset=\u00bbdefault\u00bb hover_enabled=\u00bb0&#8243; global_colors_info=\u00bb{}\u00bb sticky_enabled=\u00bb0&#8243;][\/et_pb_image][\/et_pb_column][et_pb_column type=\u00bb1_3&#8243; _builder_version=\u00bb4.20.2&#8243; _module_preset=\u00bbdefault\u00bb global_colors_info=\u00bb{}\u00bb][\/et_pb_column][\/et_pb_row][et_pb_row column_structure=\u00bb1_3,1_3,1_3&#8243; _builder_version=\u00bb4.20.2&#8243; _module_preset=\u00bbdefault\u00bb global_colors_info=\u00bb{}\u00bb][et_pb_column type=\u00bb1_3&#8243; _builder_version=\u00bb4.20.2&#8243; _module_preset=\u00bbdefault\u00bb global_colors_info=\u00bb{}\u00bb][et_pb_image src=\u00bbhttps:\/\/ciberespiral.org\/wp-content\/uploads\/2023\/04\/valencia.png\u00bb title_text=\u00bbvalencia\u00bb url=\u00bbhttps:\/\/sites.google.com\/view\/pr3dvalencia2022&#8243; url_new_window=\u00bbon\u00bb _builder_version=\u00bb4.20.2&#8243; _module_preset=\u00bbdefault\u00bb global_colors_info=\u00bb{}\u00bb][\/et_pb_image][\/et_pb_column][et_pb_column type=\u00bb1_3&#8243; _builder_version=\u00bb4.20.2&#8243; _module_preset=\u00bbdefault\u00bb global_colors_info=\u00bb{}\u00bb][et_pb_image src=\u00bbhttps:\/\/ciberespiral.org\/wp-content\/uploads\/2023\/04\/malaga.png\u00bb title_text=\u00bbmalaga\u00bb url=\u00bbhttps:\/\/sites.google.com\/site\/jornadamalagapr3d2019\/\u00bb url_new_window=\u00bbon\u00bb _builder_version=\u00bb4.20.2&#8243; _module_preset=\u00bbdefault\u00bb global_colors_info=\u00bb{}\u00bb][\/et_pb_image][\/et_pb_column][et_pb_column type=\u00bb1_3&#8243; _builder_version=\u00bb4.20.2&#8243; _module_preset=\u00bbdefault\u00bb global_colors_info=\u00bb{}\u00bb][et_pb_image src=\u00bbhttps:\/\/ciberespiral.org\/wp-content\/uploads\/2023\/04\/madrid.png\u00bb title_text=\u00bbmadrid\u00bb url=\u00bbhttps:\/\/sites.google.com\/site\/pr3d2018jornadamadrid\/\u00bb url_new_window=\u00bbon\u00bb _builder_version=\u00bb4.20.2&#8243; _module_preset=\u00bbdefault\u00bb global_colors_info=\u00bb{}\u00bb][\/et_pb_image][\/et_pb_column][\/et_pb_row][et_pb_row column_structure=\u00bb1_3,1_3,1_3&#8243; _builder_version=\u00bb4.20.2&#8243; _module_preset=\u00bbdefault\u00bb global_colors_info=\u00bb{}\u00bb][et_pb_column type=\u00bb1_3&#8243; _builder_version=\u00bb4.20.2&#8243; _module_preset=\u00bbdefault\u00bb global_colors_info=\u00bb{}\u00bb][et_pb_image src=\u00bbhttps:\/\/ciberespiral.org\/wp-content\/uploads\/2023\/04\/figueres2.png\u00bb title_text=\u00bbfigueres2&#8243; _builder_version=\u00bb4.20.2&#8243; _module_preset=\u00bbdefault\u00bb global_colors_info=\u00bb{}\u00bb][\/et_pb_image][\/et_pb_column][et_pb_column type=\u00bb1_3&#8243; _builder_version=\u00bb4.20.2&#8243; _module_preset=\u00bbdefault\u00bb global_colors_info=\u00bb{}\u00bb][et_pb_image src=\u00bbhttps:\/\/ciberespiral.org\/wp-content\/uploads\/2023\/04\/donostia.png\u00bb title_text=\u00bbdonostia\u00bb _builder_version=\u00bb4.20.2&#8243; _module_preset=\u00bbdefault\u00bb global_colors_info=\u00bb{}\u00bb][\/et_pb_image][\/et_pb_column][et_pb_column type=\u00bb1_3&#8243; _builder_version=\u00bb4.20.2&#8243; _module_preset=\u00bbdefault\u00bb global_colors_info=\u00bb{}\u00bb][et_pb_image src=\u00bbhttps:\/\/ciberespiral.org\/wp-content\/uploads\/2023\/04\/figueres.png\u00bb title_text=\u00bbfigueres\u00bb url=\u00bbhttps:\/\/sites.google.com\/site\/jornadafigueres2015\/\u00bb url_new_window=\u00bbon\u00bb _builder_version=\u00bb4.20.2&#8243; _module_preset=\u00bbdefault\u00bb global_colors_info=\u00bb{}\u00bb][\/et_pb_image][\/et_pb_column][\/et_pb_row][et_pb_row _builder_version=\u00bb4.20.2&#8243; _module_preset=\u00bbdefault\u00bb global_colors_info=\u00bb{}\u00bb][et_pb_column type=\u00bb4_4&#8243; _builder_version=\u00bb4.20.2&#8243; _module_preset=\u00bbdefault\u00bb global_colors_info=\u00bb{}\u00bb][et_pb_text _builder_version=\u00bb4.20.4&#8243; _module_preset=\u00bbdefault\u00bb custom_padding=\u00bb|||13px|false|false\u00bb border_width_all=\u00bb2px\u00bb global_colors_info=\u00bb{}\u00bb]<\/p>\n<h1>ORGANIZADORES<\/h1>\n<p>[\/et_pb_text][\/et_pb_column][\/et_pb_row][et_pb_row column_structure=\u00bb1_4,1_4,1_4,1_4&#8243; _builder_version=\u00bb4.20.2&#8243; _module_preset=\u00bbdefault\u00bb global_colors_info=\u00bb{}\u00bb][et_pb_column type=\u00bb1_4&#8243; _builder_version=\u00bb4.20.2&#8243; _module_preset=\u00bbdefault\u00bb global_colors_info=\u00bb{}\u00bb][et_pb_image src=\u00bbhttps:\/\/ciberespiral.org\/wp-content\/uploads\/2023\/04\/espiral_solo_logo_trans.png\u00bb title_text=\u00bbespiral_solo_logo_trans\u00bb align=\u00bbcenter\u00bb _builder_version=\u00bb4.20.2&#8243; _module_preset=\u00bbdefault\u00bb width=\u00bb100%\u00bb max_width=\u00bb100%\u00bb module_alignment=\u00bbcenter\u00bb height=\u00bb100px\u00bb custom_margin=\u00bb36px||||false|false\u00bb global_colors_info=\u00bb{}\u00bb][\/et_pb_image][\/et_pb_column][et_pb_column type=\u00bb1_4&#8243; _builder_version=\u00bb4.20.2&#8243; _module_preset=\u00bbdefault\u00bb global_colors_info=\u00bb{}\u00bb][et_pb_image src=\u00bbhttps:\/\/ciberespiral.org\/wp-content\/uploads\/2023\/04\/bylinedu.png\u00bb title_text=\u00bbbylinedu\u00bb url=\u00bbhttps:\/\/bylinedu.org\/\u00bb url_new_window=\u00bbon\u00bb align=\u00bbcenter\u00bb _builder_version=\u00bb4.20.2&#8243; _module_preset=\u00bbdefault\u00bb max_width=\u00bb100%\u00bb height=\u00bb160px\u00bb global_colors_info=\u00bb{}\u00bb][\/et_pb_image][\/et_pb_column][et_pb_column type=\u00bb1_4&#8243; _builder_version=\u00bb4.20.2&#8243; _module_preset=\u00bbdefault\u00bb global_colors_info=\u00bb{}\u00bb][et_pb_image src=\u00bbhttps:\/\/ciberespiral.org\/wp-content\/uploads\/2023\/04\/tramuntec.jpg\u00bb title_text=\u00bbtramuntec\u00bb url=\u00bbhttps:\/\/blocs.xtec.cat\/tramuntec\/\u00bb align=\u00bbcenter\u00bb _builder_version=\u00bb4.20.2&#8243; _module_preset=\u00bbdefault\u00bb max_width=\u00bb100%\u00bb height=\u00bb160px\u00bb global_colors_info=\u00bb{}\u00bb][\/et_pb_image][\/et_pb_column][et_pb_column type=\u00bb1_4&#8243; _builder_version=\u00bb4.20.2&#8243; _module_preset=\u00bbdefault\u00bb global_colors_info=\u00bb{}\u00bb][et_pb_image src=\u00bbhttps:\/\/ciberespiral.org\/wp-content\/uploads\/2023\/04\/grup_dim.jpg\u00bb title_text=\u00bbgrup_dim\u00bb url=\u00bbhttp:\/\/dimglobal.net\/\u00bb url_new_window=\u00bbon\u00bb align=\u00bbcenter\u00bb _builder_version=\u00bb4.20.2&#8243; _module_preset=\u00bbdefault\u00bb max_width=\u00bb100%\u00bb height=\u00bb160px\u00bb global_colors_info=\u00bb{}\u00bb][\/et_pb_image][\/et_pb_column][\/et_pb_row][\/et_pb_section]<\/p>\n","protected":false},"excerpt":{"rendered":"<p>Las Jornadas Programaci\u00f3n, Rob\u00f3tica e Impresi\u00f3n 3D #PR3D, son el resultado de la colaboraci\u00f3n entre diferentes asociaciones y grupos, que se vienen realizando desde el a\u00f1o 2015, en torno a la Rob\u00f3tica, Programaci\u00f3n, Dise\u00f1o e Impresi\u00f3n 3D y cultura maker, as\u00ed como todo lo relacionado con los enfoques STEAM en el \u00e1mbito educativo. Las Jornadas [&hellip;]<\/p>\n","protected":false},"author":1,"featured_media":0,"parent":0,"menu_order":0,"comment_status":"closed","ping_status":"closed","template":"","meta":{"_acf_changed":false,"_et_pb_use_builder":"on","_et_pb_old_content":"","_et_gb_content_width":"","footnotes":""},"class_list":["post-16819","page","type-page","status-publish","hentry"],"acf":[],"_links":{"self":[{"href":"https:\/\/ciberespiral.org\/es\/wp-json\/wp\/v2\/pages\/16819","targetHints":{"allow":["GET"]}}],"collection":[{"href":"https:\/\/ciberespiral.org\/es\/wp-json\/wp\/v2\/pages"}],"about":[{"href":"https:\/\/ciberespiral.org\/es\/wp-json\/wp\/v2\/types\/page"}],"author":[{"embeddable":true,"href":"https:\/\/ciberespiral.org\/es\/wp-json\/wp\/v2\/users\/1"}],"replies":[{"embeddable":true,"href":"https:\/\/ciberespiral.org\/es\/wp-json\/wp\/v2\/comments?post=16819"}],"version-history":[{"count":3,"href":"https:\/\/ciberespiral.org\/es\/wp-json\/wp\/v2\/pages\/16819\/revisions"}],"predecessor-version":[{"id":17513,"href":"https:\/\/ciberespiral.org\/es\/wp-json\/wp\/v2\/pages\/16819\/revisions\/17513"}],"wp:attachment":[{"href":"https:\/\/ciberespiral.org\/es\/wp-json\/wp\/v2\/media?parent=16819"}],"curies":[{"name":"wp","href":"https:\/\/api.w.org\/{rel}","templated":true}]}}