{"id":16467,"date":"2023-01-26T10:48:59","date_gmt":"2023-01-26T08:48:59","guid":{"rendered":"https:\/\/ciberespiral.org\/?page_id=16467"},"modified":"2023-01-26T10:48:59","modified_gmt":"2023-01-26T08:48:59","slug":"politica-de-privacidad","status":"publish","type":"page","link":"https:\/\/ciberespiral.org\/es\/politica-de-privacidad\/","title":{"rendered":"Pol\u00edtica de privacidad"},"content":{"rendered":"<p>[et_pb_section fb_built=\u00bb1&#8243; theme_builder_area=\u00bbpost_content\u00bb _builder_version=\u00bb4.19.5&#8243; _module_preset=\u00bbdefault\u00bb da_is_popup=\u00bboff\u00bb da_exit_intent=\u00bboff\u00bb da_has_close=\u00bbon\u00bb da_alt_close=\u00bboff\u00bb da_dark_close=\u00bboff\u00bb da_not_modal=\u00bbon\u00bb da_is_singular=\u00bboff\u00bb da_with_loader=\u00bboff\u00bb da_has_shadow=\u00bbon\u00bb da_disable_devices=\u00bboff|off|off\u00bb][et_pb_row _builder_version=\u00bb4.19.5&#8243; _module_preset=\u00bbdefault\u00bb theme_builder_area=\u00bbpost_content\u00bb][et_pb_column _builder_version=\u00bb4.19.5&#8243; _module_preset=\u00bbdefault\u00bb type=\u00bb4_4&#8243; theme_builder_area=\u00bbpost_content\u00bb][et_pb_text _builder_version=\u00bb4.19.5&#8243; _module_preset=\u00bbdefault\u00bb theme_builder_area=\u00bbpost_content\u00bb hover_enabled=\u00bb0&#8243; sticky_enabled=\u00bb0&#8243;]<\/p>\n<h2><span style=\"font-weight: 400;\">Protecci\u00f3n de datos de car\u00e1cter personal seg\u00fan la LOPD<\/span><\/h2>\n<p><span style=\"font-weight: 400;\"><\/span><\/p>\n<p><span style=\"font-weight: 400;\">La Asociaci\u00f3n Espiral, Educaci\u00f3n y Tecnolog\u00eda, en aplicaci\u00f3n de la normativa vigente en materia de protecci\u00f3n de datos de car\u00e1cter personal, informa que los datos personales que se recogen en los formularios del sitio web: <\/span><a href=\"https:\/\/ciberespiral.org\/es\/home\/\"><span style=\"font-weight: 400;\">https:\/\/ciberespiral.org\/es\/home\/<\/span><\/a><span style=\"font-weight: 400;\"> incluyen en los ficheros automatizados espec\u00edficos de usuarios de los servicios de la Asociaci\u00f3n.<\/span><\/p>\n<p><span style=\"font-weight: 400;\">La recogida y tratamiento automatizado de los datos de car\u00e1cter personal, tiene como finalidad la gesti\u00f3n de asociados; el desempe\u00f1o de tareas de informaci\u00f3n, de formaci\u00f3n, de asesoramiento y otras actividades propias de la Asociaci\u00f3n Espiral, Educaci\u00f3n y Tecnolog\u00eda.<\/span><\/p>\n<p><span style=\"font-weight: 400;\">Estos datos \u00fanicamente ser\u00e1n cedidos a aquellas entidades que sean precisas, con el \u00fanico objetivo de dar cumplimiento a la finalidad anteriormente expuesta.<\/span><\/p>\n<p><span style=\"font-weight: 400;\">La Asociaci\u00f3n Espiral, Educaci\u00f3n y Tecnolog\u00eda adopta las medidas necesarias para garantizar la seguridad, integridad y confidencialidad de los datos, conforme a lo dispuesto en el Reglamento (UE) 2016\/679 del Parlamento Europeo y del Consejo, de 27 de abril de 2016, relativo a la protecci\u00f3n de las personas f\u00edsicas en lo que respecta al tratamiento de datos personales su libre circulaci\u00f3n.<\/span><\/p>\n<p><span style=\"font-weight: 400;\">El usuario podr\u00e1, en cualquier momento, ejercitar los derechos de acceso, oposici\u00f3n, rectificaci\u00f3n y cancelaci\u00f3n reconocidos en el citado Reglamento (UE). El ejercicio de estos derechos puede realizarlo el propio usuario a trav\u00e9s de email dirigido a: <\/span><span style=\"font-weight: 400;\">secretaria.tecnica@.ciberespiral.org<\/span><span style=\"font-weight: 400;\"> o mediante correo postal, en la siguiente direcci\u00f3n: Calle Rocafort, 242 bis, Espai Ciemen 2\u00ba, 08029 Barcelona.<\/span><\/p>\n<p><span style=\"font-weight: 400;\">El usuario manifiesta que todos los datos facilitados por \u00e9l son ciertos y correctos, y se compromete a mantenerlos actualizados, comunicando los cambios a la Asociaci\u00f3n Espiral, Educaci\u00f3n y Tecnolog\u00eda.<\/span><\/p>\n<p><strong>Finalidad del tratamiento de los datos personales<\/strong><\/p>\n<p><span style=\"font-weight: 400;\">\u00bfCon qu\u00e9 finalidad trataremos tus datos personales?<\/span><\/p>\n<p><span style=\"font-weight: 400;\">En la Asociaci\u00f3n Espiral, Educaci\u00f3n y Tecnolog\u00eda, trataremos tus datos personales recabados a trav\u00e9s del Sitio Web: <\/span><a href=\"https:\/\/ciberespiral.org\/es\/home\/\"><span style=\"font-weight: 400;\">https:\/\/ciberespiral.org\/es\/home\/<\/span><\/a><span style=\"font-weight: 400;\">, con las siguientes finalidades:<\/span><\/p>\n<ol>\n<li style=\"font-weight: 400;\" aria-level=\"1\"><span style=\"font-weight: 400;\">En caso de asociarse a trav\u00e9s de <\/span><a href=\"https:\/\/ciberespiral.org\/es\/home\/\"><span style=\"font-weight: 400;\">https:\/\/ciberespiral.org\/es\/home\/<\/span><\/a><span style=\"font-weight: 400;\">, para mantener la condici\u00f3n de asociado, as\u00ed como para la gesti\u00f3n, administraci\u00f3n, informaci\u00f3n, prestaci\u00f3n y mejora del servicio<\/span><span style=\"font-weight: 400;\">.<\/span><\/li>\n<li style=\"font-weight: 400;\" aria-level=\"1\"><span style=\"font-weight: 400;\">Env\u00edo de informaci\u00f3n solicitada a trav\u00e9s de los formularios dispuestos en <\/span><a href=\"https:\/\/ciberespiral.org\/es\/home\/\"><span style=\"font-weight: 400;\">https:\/\/ciberespiral.org\/es\/home\/<\/span><\/a><\/li>\n<li style=\"font-weight: 400;\" aria-level=\"1\"><span style=\"font-weight: 400;\">Remitir boletines (newsletters), as\u00ed como comunicaciones sobre las actividades desarrolladas por la asociaci\u00f3n o propuestas de colaboraci\u00f3n relacionadas con la educaci\u00f3n.<\/span><\/li>\n<\/ol>\n<p><span style=\"font-weight: 400;\">Te recordamos que puedes oponerte al env\u00edo de comunicaciones\u00a0 por cualquier v\u00eda y en cualquier momento, remitiendo un correo electr\u00f3nico a la direcci\u00f3n indicada anteriormente, o bien mediante correo postal, a la sede social de ESPIRAL, EDUCACI\u00d3N Y TECNOLOG\u00cdA, que ya consta.<\/span><\/p>\n<p><span style=\"font-weight: 400;\">Los campos de dichos registros son de cumplimentaci\u00f3n obligatoria. La omisi\u00f3n de los datos requeridos imposibilita el cumplimiento de las finalidades propuestas.<\/span><\/p>\n<p><em><span style=\"font-weight: 400;\">\u00bfPor cu\u00e1nto tiempo se conservan los datos personales recabados?<\/span><\/em><\/p>\n<p><span style=\"font-weight: 400;\">Los datos personales proporcionados se conservar\u00e1n mientras se mantenga la relaci\u00f3n con la asociaci\u00f3n, o no solicites su supresi\u00f3n y en cualquier caso, durante el plazo por el cual pudieran derivarse responsabilidades legales por los servicios prestados.<\/span><\/p>\n<p><span style=\"font-weight: 400;\">Legitimaci\u00f3n:<\/span><\/p>\n<p><span style=\"font-weight: 400;\">El tratamiento de tus datos se realiza con las siguientes bases jur\u00eddicas que lo legitiman:<\/span><\/p>\n<p><span style=\"font-weight: 400;\">La Asociaci\u00f3n Espiral pondr\u00e1 sus t\u00e9rminos y condiciones a tu disposici\u00f3n de forma previa a una eventual solicitud de asociaci\u00f3n.<\/span><\/p>\n<ol>\n<li style=\"font-weight: 400;\" aria-level=\"1\"><span style=\"font-weight: 400;\">El consentimiento libre, espec\u00edfico, informado e inequ\u00edvoco, en tanto que te informamos poniendo a tu disposici\u00f3n la presente pol\u00edtica de privacidad, que requerir\u00e1 lectura y otorgamiento expreso de conformidad, mediante el marcado de la casilla dispuesta a tal efecto.<\/span><\/li>\n<li style=\"font-weight: 400;\" aria-level=\"1\"><span style=\"font-weight: 400;\">Si los datos facilitados resultan err\u00f3neos, falsos o incompletos, se denegar\u00e1 la solicitud de incorporaci\u00f3n a la asociaci\u00f3n o, en su caso, la informaci\u00f3n requerida por el socio\/a.<\/span><\/li>\n<\/ol>\n<p><span style=\"font-weight: 400;\">Destinatarios:<\/span><\/p>\n<p><span style=\"font-weight: 400;\">Los datos de los asociados y del resto de personas que hayan solicitado inscribirse en las listas de env\u00edo de informaci\u00f3n, y que no ostentan la calidad de socios, no se comunicar\u00e1n a ning\u00fan tercero ajeno a la \u201cAsociaci\u00f3n Espiral, Educaci\u00f3n y Tecnolog\u00eda\u201d, salvo obligaci\u00f3n legal.<\/span><\/p>\n<p><span style=\"font-weight: 400;\">Como encargados de tratamiento, relacionamos seguidamente los proveedores de servicios de la Asociaci\u00f3n, contratados al momento de la puesta a disposici\u00f3n de la presente informaci\u00f3n, a su vez, comprometidos con el cumplimiento de las disposiciones legales de aplicaci\u00f3n en materia de protecci\u00f3n de datos:<\/span><\/p>\n<p><b>Hosting: <\/b><a href=\"https:\/\/www.hetzner.com\/\"><b>Hetzner<\/b><\/a><\/p>\n<ul>\n<li style=\"font-weight: 400;\" aria-level=\"1\"><span style=\"font-weight: 400;\">Con domicilio en: Industriestr. 25 | 91710 Gunzenhausen | Germany<\/span><\/li>\n<li style=\"font-weight: 400;\" aria-level=\"1\"><span style=\"font-weight: 400;\">VAT Reg, No.: DE812871812<\/span><\/li>\n<li style=\"font-weight: 400;\" aria-level=\"1\"><span style=\"font-weight: 400;\">Presta servicios de: Hosting<\/span><\/li>\n<li style=\"font-weight: 400;\" aria-level=\"1\"><span style=\"font-weight: 400;\">Puede consultar la pol\u00edtica de privacidad y dem\u00e1s aspectos legales de la compa\u00f1\u00eda en el siguiente enlace:<\/span><a href=\"https:\/\/www.hetzner.com\/rechtliches\/impressum\"><span style=\"font-weight: 400;\">https:\/\/www.hetzner.com\/rechtliches\/impressum\u200b<\/span><\/a><\/li>\n<\/ul>\n<p><b>Servicios de Mensajer\u00eda y env\u00edo de boletines: <\/b><a href=\"https:\/\/mailchimp.com\/\"><b>MailChimp<\/b><\/a><\/p>\n<ul>\n<li style=\"font-weight: 400;\" aria-level=\"1\"><span style=\"font-weight: 400;\">Con domicilio en: 675 Ponce de Leon Ave NE, Suite 5000, Atlanta, GA 30308 <\/span><span style=\"font-weight: 400;\">USA<\/span><\/li>\n<li style=\"font-weight: 400;\" aria-level=\"1\"><span style=\"font-weight: 400;\">Presta servicios de: Email Marketing<\/span><\/li>\n<li style=\"font-weight: 400;\" aria-level=\"1\"><span style=\"font-weight: 400;\">Puede consultar la pol\u00edtica de privacidad y dem\u00e1s aspectos legales de la compa\u00f1\u00eda en el siguiente enlace: <\/span><a href=\"https:\/\/mailchimp.com\/legal\/privacy\/\"><span style=\"font-weight: 400;\">https:\/\/mailchimp.com\/legal\/privacy\/\u200b<\/span><\/a><\/li>\n<\/ul>\n<p><b>Servicios de Mensajer\u00eda y env\u00edo de boletines:<\/b><a href=\"https:\/\/es.sendinblue.com\/\"><b> Sendinblue\u00a0<\/b><\/a><\/p>\n<ul>\n<li aria-level=\"1\"><span style=\"font-weight: 400;\">Con domicilio en: 55 Rue d&#8217;Amsterdam | 75008 Paris | France<\/span><\/li>\n<\/ul>\n<ul>\n<li aria-level=\"1\"><span style=\"font-weight: 400;\">Presenta servicios de : Email Marketing\u00a0<\/span><\/li>\n<\/ul>\n<ul>\n<li aria-level=\"1\"><span style=\"font-weight: 400;\">Puede consultar la pol\u00edtica de privacidad y dem\u00e1s aspectos legales de la compa\u00f1\u00eda en el siguiente enlace: <\/span><a href=\"https:\/\/es.sendinblue.com\/rgpd\/\"><span style=\"font-weight: 400;\">https:\/\/es.sendinblue.com\/rgpd\/<\/span><\/a><span style=\"font-weight: 400;\">\u00a0<\/span><\/li>\n<\/ul>\n<p><span style=\"font-weight: 400;\">Datos recopilados por usuarios de los servicios<\/span><\/p>\n<p><span style=\"font-weight: 400;\">En los casos en que el usuario incluya ficheros con datos de car\u00e1cter personal en los servidores de alojamiento compartido, la \u201cAsociaci\u00f3n Espiral, Educaci\u00f3n y Tecnolog\u00eda\u201d no se hace responsable de las consecuencias del incumplimiento de la normativa de aplicaci\u00f3n por parte del usuario del RGPD.<\/span><\/p>\n<p><span style=\"font-weight: 400;\">Derechos propiedad intelectual <\/span><a href=\"https:\/\/ciberespiral.org\/es\/home\/\"><span style=\"font-weight: 400;\">https:\/\/ciberespiral.org\/es\/home\/<\/span><\/a><\/p>\n<p><span style=\"font-weight: 400;\">La Asociaci\u00f3n Espiral, Educaci\u00f3n y Tecnolog\u00eda es titular de todos los derechos de autor; propiedad intelectual; industrial y cuantos otros derechos guardan relaci\u00f3n con los contenidos del sitio web <\/span><a href=\"https:\/\/ciberespiral.org\/es\/home\/\"><span style=\"font-weight: 400;\">https:\/\/ciberespiral.org\/es\/home\/<\/span><\/a><span style=\"font-weight: 400;\"> y los servicios en \u00e9l ofertados.<\/span><\/p>\n<p><span style=\"font-weight: 400;\">No se permite la reproducci\u00f3n, publicaci\u00f3n y\/o uso total o parcial, m\u00e1s all\u00e1 de los estrictamente privados, de los contenidos, del sitio web <\/span><a href=\"https:\/\/ciberespiral.org\/es\/home\/\"><span style=\"font-weight: 400;\">https:\/\/ciberespiral.org\/es\/home\/<\/span><\/a><span style=\"font-weight: 400;\"> sin el consentimiento previo y por escrito de sus titulares.<\/span><\/p>\n<p><span style=\"font-weight: 400;\">Propiedad intelectual de los contenidos alojados<\/span><\/p>\n<p><span style=\"font-weight: 400;\">Se proh\u00edbe el uso contrario a la legislaci\u00f3n sobre propiedad intelectual de los servicios prestados por la \u201cAsociaci\u00f3n Espiral, Educaci\u00f3n y Tecnolog\u00eda\u201d, m\u00e1s concretamente, queda prohibido:<\/span><\/p>\n<ul>\n<li style=\"font-weight: 400;\" aria-level=\"1\"><span style=\"font-weight: 400;\">La utilizaci\u00f3n de esos contenidos que resulte contraria a las leyes espa\u00f1olas o que infrinja los derechos de terceros.<\/span><\/li>\n<li style=\"font-weight: 400;\" aria-level=\"1\"><span style=\"font-weight: 400;\">La publicaci\u00f3n o la transmisi\u00f3n de cualquier contenido que, a juicio de la \u201cAsociaci\u00f3n Espiral, Educaci\u00f3n y Tecnolog\u00eda\u201d, resulte violento, obsceno, abusivo, ilegal, racial, xen\u00f3fobo o difamatorio.<\/span><\/li>\n<li style=\"font-weight: 400;\" aria-level=\"1\"><span style=\"font-weight: 400;\">La recogida y\/o utilizaci\u00f3n de datos personales de otros usuarios sin su consentimiento expreso, o contraviniendo lo dispuesto en Reglamento (UE) 2016\/679 del Parlamento Europeo y del Consejo, de 27 de abril de 2016, relativo a la protecci\u00f3n de las personas f\u00edsicas en lo que respecta al tratamiento de datos personales y a la libre circulaci\u00f3n de los mismos y legislaci\u00f3n complementaria.<\/span><\/li>\n<li style=\"font-weight: 400;\" aria-level=\"1\"><span style=\"font-weight: 400;\">La utilizaci\u00f3n del servidor de correo del dominio y de las direcciones de correo electr\u00f3nico para el env\u00edo de correo masivo no deseado.<\/span><\/li>\n<\/ul>\n<p>&nbsp;<\/p>\n<p>[\/et_pb_text][\/et_pb_column][\/et_pb_row][\/et_pb_section]<\/p>\n","protected":false},"excerpt":{"rendered":"<p>Protecci\u00f3n de datos de car\u00e1cter personal seg\u00fan la LOPD La Asociaci\u00f3n Espiral, Educaci\u00f3n y Tecnolog\u00eda, en aplicaci\u00f3n de la normativa vigente en materia de protecci\u00f3n de datos de car\u00e1cter personal, informa que los datos personales que se recogen en los formularios del sitio web: https:\/\/ciberespiral.org\/es\/home\/ incluyen en los ficheros automatizados espec\u00edficos de usuarios de los [&hellip;]<\/p>\n","protected":false},"author":1,"featured_media":0,"parent":0,"menu_order":0,"comment_status":"closed","ping_status":"open","template":"","meta":{"_acf_changed":false,"_et_pb_use_builder":"on","_et_pb_old_content":"","_et_gb_content_width":"","footnotes":""},"class_list":["post-16467","page","type-page","status-publish","hentry"],"acf":[],"_links":{"self":[{"href":"https:\/\/ciberespiral.org\/es\/wp-json\/wp\/v2\/pages\/16467","targetHints":{"allow":["GET"]}}],"collection":[{"href":"https:\/\/ciberespiral.org\/es\/wp-json\/wp\/v2\/pages"}],"about":[{"href":"https:\/\/ciberespiral.org\/es\/wp-json\/wp\/v2\/types\/page"}],"author":[{"embeddable":true,"href":"https:\/\/ciberespiral.org\/es\/wp-json\/wp\/v2\/users\/1"}],"replies":[{"embeddable":true,"href":"https:\/\/ciberespiral.org\/es\/wp-json\/wp\/v2\/comments?post=16467"}],"version-history":[{"count":2,"href":"https:\/\/ciberespiral.org\/es\/wp-json\/wp\/v2\/pages\/16467\/revisions"}],"predecessor-version":[{"id":16470,"href":"https:\/\/ciberespiral.org\/es\/wp-json\/wp\/v2\/pages\/16467\/revisions\/16470"}],"wp:attachment":[{"href":"https:\/\/ciberespiral.org\/es\/wp-json\/wp\/v2\/media?parent=16467"}],"curies":[{"name":"wp","href":"https:\/\/api.w.org\/{rel}","templated":true}]}}