{"id":14506,"date":"2022-07-15T09:47:49","date_gmt":"2022-07-15T07:47:49","guid":{"rendered":"https:\/\/ciberespiral.org\/?page_id=14506"},"modified":"2026-02-12T11:05:04","modified_gmt":"2026-02-12T09:05:04","slug":"colaboradores-technovation","status":"publish","type":"page","link":"https:\/\/ciberespiral.org\/es\/colaboradores-technovation\/","title":{"rendered":"Colaboradores"},"content":{"rendered":"<p>[et_pb_section fb_built=\u00bb1&#8243; fullwidth=\u00bbon\u00bb _builder_version=\u00bb4.17.6&#8243; animation_style=\u00bbslide\u00bb animation_direction=\u00bbtop\u00bb animation_intensity_slide=\u00bb2%\u00bb animation_starting_opacity=\u00bb100%\u00bb da_disable_devices=\u00bboff|off|off\u00bb locked=\u00bboff\u00bb global_colors_info=\u00bb{}\u00bb da_is_popup=\u00bboff\u00bb da_exit_intent=\u00bboff\u00bb da_has_close=\u00bbon\u00bb da_alt_close=\u00bboff\u00bb da_dark_close=\u00bboff\u00bb da_not_modal=\u00bbon\u00bb da_is_singular=\u00bboff\u00bb da_with_loader=\u00bboff\u00bb da_has_shadow=\u00bbon\u00bb][et_pb_fullwidth_header title=\u00bbColaboradores\u00bb content_max_width=\u00bb800px\u00bb _builder_version=\u00bb4.18.0&#8243; title_level=\u00bbh2&#8243; title_font=\u00bbRubik Mono One||||||||\u00bb title_font_size=\u00bb42px\u00bb title_line_height=\u00bb1.2em\u00bb content_font=\u00bb||||||||\u00bb content_font_size=\u00bb20px\u00bb content_line_height=\u00bb1.8em\u00bb background_color=\u00bbrgba(255, 255, 255, 0)\u00bb use_background_color_gradient=\u00bbon\u00bb background_color_gradient_direction=\u00bb90deg\u00bb background_color_gradient_stops=\u00bbrgba(0,0,0,0.75) 0%|rgba(0,0,0,0) 100%\u00bb background_color_gradient_overlays_image=\u00bbon\u00bb background_color_gradient_start=\u00bbrgba(0,0,0,0.75)\u00bb background_color_gradient_end=\u00bbrgba(0,0,0,0)\u00bb background_image=\u00bbhttps:\/\/ciberespiral.org\/wp-content\/uploads\/2022\/09\/nenes_technovation-scaled.jpg\u00bb background_position=\u00bbtop_center\u00bb custom_button_one=\u00bbon\u00bb button_one_text_size=\u00bb18px\u00bb button_one_bg_color=\u00bb#02d002&#8243; button_one_border_width=\u00bb8px\u00bb button_one_border_color=\u00bb#02d002&#8243; button_one_border_radius=\u00bb0px\u00bb button_one_letter_spacing=\u00bb1px\u00bb button_one_font=\u00bbLato|700|||||||\u00bb button_one_use_icon=\u00bboff\u00bb custom_button_two=\u00bbon\u00bb button_two_text_size=\u00bb18px\u00bb button_two_text_color=\u00bb#353740&#8243; button_two_bg_color=\u00bb#ffffff\u00bb button_two_border_width=\u00bb8px\u00bb button_two_border_color=\u00bb#ffffff\u00bb button_two_border_radius=\u00bb0px\u00bb button_two_letter_spacing=\u00bb1px\u00bb button_two_font=\u00bbLato|700|||||||\u00bb button_two_use_icon=\u00bboff\u00bb custom_margin=\u00bb|||\u00bb custom_padding=\u00bb8%||8%|\u00bb button_one_letter_spacing_hover=\u00bb1px\u00bb button_two_letter_spacing_hover=\u00bb1px\u00bb locked=\u00bboff\u00bb global_colors_info=\u00bb{}\u00bb button_one_text_size__hover_enabled=\u00bboff\u00bb button_two_text_size__hover_enabled=\u00bboff\u00bb button_one_text_color__hover_enabled=\u00bboff\u00bb button_two_text_color__hover_enabled=\u00bboff\u00bb button_one_border_width__hover_enabled=\u00bboff\u00bb button_two_border_width__hover_enabled=\u00bboff\u00bb button_one_border_color__hover_enabled=\u00bboff\u00bb button_two_border_color__hover_enabled=\u00bboff\u00bb button_one_border_radius__hover_enabled=\u00bboff\u00bb button_two_border_radius__hover_enabled=\u00bboff\u00bb button_one_letter_spacing__hover_enabled=\u00bbon\u00bb button_one_letter_spacing__hover=\u00bb1px\u00bb button_two_letter_spacing__hover_enabled=\u00bbon\u00bb button_two_letter_spacing__hover=\u00bb1px\u00bb button_one_bg_color__hover_enabled=\u00bboff\u00bb button_two_bg_color__hover_enabled=\u00bboff\u00bb][\/et_pb_fullwidth_header][\/et_pb_section][et_pb_section fb_built=\u00bb1&#8243; fullwidth=\u00bbon\u00bb _builder_version=\u00bb4.17.4&#8243; _module_preset=\u00bbdefault\u00bb da_disable_devices=\u00bboff|off|off\u00bb box_shadow_style=\u00bbpreset3&#8243; global_colors_info=\u00bb{}\u00bb da_is_popup=\u00bboff\u00bb da_exit_intent=\u00bboff\u00bb da_has_close=\u00bbon\u00bb da_alt_close=\u00bboff\u00bb da_dark_close=\u00bboff\u00bb da_not_modal=\u00bbon\u00bb da_is_singular=\u00bboff\u00bb da_with_loader=\u00bboff\u00bb da_has_shadow=\u00bbon\u00bb][et_pb_fullwidth_menu menu_id=\u00bb167&#8243; dropdown_menu_active_link_color=\u00bb#A53860&#8243; _builder_version=\u00bb4.17.6&#8243; _module_preset=\u00bbdefault\u00bb global_colors_info=\u00bb{}\u00bb][\/et_pb_fullwidth_menu][\/et_pb_section][et_pb_section fb_built=\u00bb1&#8243; _builder_version=\u00bb4.17.4&#8243; _module_preset=\u00bbdefault\u00bb da_disable_devices=\u00bboff|off|off\u00bb global_colors_info=\u00bb{}\u00bb da_is_popup=\u00bboff\u00bb da_exit_intent=\u00bboff\u00bb da_has_close=\u00bbon\u00bb da_alt_close=\u00bboff\u00bb da_dark_close=\u00bboff\u00bb da_not_modal=\u00bbon\u00bb da_is_singular=\u00bboff\u00bb da_with_loader=\u00bboff\u00bb da_has_shadow=\u00bbon\u00bb][et_pb_row _builder_version=\u00bb4.27.4&#8243; _module_preset=\u00bbdefault\u00bb global_colors_info=\u00bb{}\u00bb][et_pb_column type=\u00bb4_4&#8243; _builder_version=\u00bb4.27.4&#8243; _module_preset=\u00bbdefault\u00bb global_colors_info=\u00bb{}\u00bb][et_pb_cta title=\u00bbPartner\/Colaborador\u00bb button_url=\u00bbhttps:\/\/ciberespiral.org\/es\/contacto-technovation\/\u00bb button_text=\u00bb\u00danete\u00bb _builder_version=\u00bb4.27.4&#8243; _module_preset=\u00bbdefault\u00bb header_font=\u00bbPoppins|600|||||||\u00bb header_text_color=\u00bb#FFFFFF\u00bb body_font=\u00bbPoppins||||||||\u00bb background_color=\u00bb#0076CF\u00bb custom_button=\u00bbon\u00bb button_text_color=\u00bb#FFFFFF\u00bb button_bg_color=\u00bb#0076CF\u00bb button_border_radius=\u00bb2px\u00bb button_letter_spacing=\u00bb0px\u00bb button_font=\u00bbPoppins||||||||\u00bb button_icon_color=\u00bb#FFFFFF\u00bb button_on_hover=\u00bboff\u00bb button_alignment=\u00bbcenter\u00bb link_option_url=\u00bbhttps:\/\/ciberespiral.org\/es\/contacto-technovation\/\u00bb box_shadow_style=\u00bbpreset4&#8243; box_shadow_color=\u00bb#ffb81c\u00bb global_colors_info=\u00bb{}\u00bb]<\/p>\n<p>Apoya el programa y ayuda a crear un futuro m\u00e1s inclusivo en tecnolog\u00eda. Como partner, contribuyes con recursos, espacios o apoyo financiero para promover el desarrollo de las pr\u00f3ximas generaciones de l\u00edderes tecnol\u00f3gicas. <\/p>\n<p>[\/et_pb_cta][\/et_pb_column][\/et_pb_row][et_pb_row _builder_version=\u00bb4.21.0&#8243; _module_preset=\u00bbdefault\u00bb global_colors_info=\u00bb{}\u00bb][et_pb_column type=\u00bb4_4&#8243; _builder_version=\u00bb4.17.4&#8243; _module_preset=\u00bbdefault\u00bb global_colors_info=\u00bb{}\u00bb][et_pb_text _builder_version=\u00bb4.27.4&#8243; _module_preset=\u00bbdefault\u00bb text_font=\u00bbPoppins||||||||\u00bb text_font_size=\u00bb16px\u00bb header_font=\u00bbRubik|700|||||||\u00bb global_colors_info=\u00bb{}\u00bb]<\/p>\n<h1><span><strong>Colaboradores edici\u00f3n 2025<\/strong><\/span><\/h1>\n<p>\u00a1Muchas gracias a nuestros colaboradores 2025! Sin vosotros, no hubiera sido posible. <\/p>\n<p>[\/et_pb_text][et_pb_image src=\u00bbhttps:\/\/ciberespiral.org\/wp-content\/uploads\/2026\/02\/Sponsors2025-14-e1770886078617.png\u00bb title_text=\u00bbSponsors2025&#8243; _builder_version=\u00bb4.27.5&#8243; _module_preset=\u00bbdefault\u00bb hover_enabled=\u00bb0&#8243; global_colors_info=\u00bb{}\u00bb sticky_enabled=\u00bb0&#8243;][\/et_pb_image][\/et_pb_column][\/et_pb_row][et_pb_row _builder_version=\u00bb4.21.0&#8243; _module_preset=\u00bbdefault\u00bb global_colors_info=\u00bb{}\u00bb][et_pb_column type=\u00bb4_4&#8243; _builder_version=\u00bb4.17.4&#8243; _module_preset=\u00bbdefault\u00bb global_colors_info=\u00bb{}\u00bb][et_pb_text _builder_version=\u00bb4.23.1&#8243; _module_preset=\u00bbdefault\u00bb text_font=\u00bbPoppins||||||||\u00bb text_font_size=\u00bb16px\u00bb header_font=\u00bbRubik|700|||||||\u00bb global_colors_info=\u00bb{}\u00bb]<\/p>\n<h1><span><strong>Colaboradores edici\u00f3n 2024<\/strong><\/span><\/h1>\n<p>\u00a1Muchas gracias a nuestros colaboradores 2024! Sin vosotros, no hubiera sido posible. <\/p>\n<p>[\/et_pb_text][et_pb_image src=\u00bbhttps:\/\/ciberespiral.org\/wp-content\/uploads\/2024\/05\/Sponsors2024-1-e1716154988485.png\u00bb title_text=\u00bbSponsors2024&#8243; _builder_version=\u00bb4.25.1&#8243; _module_preset=\u00bbdefault\u00bb global_colors_info=\u00bb{}\u00bb][\/et_pb_image][\/et_pb_column][\/et_pb_row][et_pb_row _builder_version=\u00bb4.21.0&#8243; _module_preset=\u00bbdefault\u00bb global_colors_info=\u00bb{}\u00bb][et_pb_column type=\u00bb4_4&#8243; _builder_version=\u00bb4.17.4&#8243; _module_preset=\u00bbdefault\u00bb global_colors_info=\u00bb{}\u00bb][et_pb_text _builder_version=\u00bb4.17.6&#8243; _module_preset=\u00bbdefault\u00bb text_font=\u00bbPoppins||||||||\u00bb text_font_size=\u00bb16px\u00bb header_font=\u00bbRubik|700|||||||\u00bb global_colors_info=\u00bb{}\u00bb]<\/p>\n<h1><span><strong>Colaboradores edici\u00f3n 2023<\/strong><\/span><\/h1>\n<p>\u00a1Muchas gracias a nuestros colaboradores 2023! Sin vosotros, no hubiera sido posible. <\/p>\n<p>[\/et_pb_text][et_pb_image src=\u00bbhttps:\/\/ciberespiral.org\/wp-content\/uploads\/2023\/05\/colaboradores-evento-final.png\u00bb title_text=\u00bbcolaboradores-evento-final\u00bb _builder_version=\u00bb4.21.0&#8243; _module_preset=\u00bbdefault\u00bb global_colors_info=\u00bb{}\u00bb][\/et_pb_image][\/et_pb_column][\/et_pb_row][et_pb_row _builder_version=\u00bb4.21.0&#8243; _module_preset=\u00bbdefault\u00bb global_colors_info=\u00bb{}\u00bb][et_pb_column type=\u00bb4_4&#8243; _builder_version=\u00bb4.17.4&#8243; _module_preset=\u00bbdefault\u00bb global_colors_info=\u00bb{}\u00bb][et_pb_text _builder_version=\u00bb4.17.6&#8243; _module_preset=\u00bbdefault\u00bb text_font=\u00bbPoppins||||||||\u00bb text_font_size=\u00bb16px\u00bb header_font=\u00bbRubik|700|||||||\u00bb global_colors_info=\u00bb{}\u00bb]<\/p>\n<h1><span><strong>Colaboradores edici\u00f3n 2022<\/strong><\/span><\/h1>\n<p>\u00a1Muchas gracias a nuestros colaboradores 2022! Sin vosotros, no hubiera sido posible. <\/p>\n<p>[\/et_pb_text][et_pb_image src=\u00bbhttps:\/\/ciberespiral.org\/wp-content\/uploads\/2022\/09\/Captura-de-Pantalla-2022-09-08-a-las-16.11.53.png\u00bb title_text=\u00bbCaptura de Pantalla 2022-09-08 a las 16.11.53&#8243; _builder_version=\u00bb4.18.0&#8243; _module_preset=\u00bbdefault\u00bb global_colors_info=\u00bb{}\u00bb][\/et_pb_image][\/et_pb_column][\/et_pb_row][et_pb_row _builder_version=\u00bb4.17.4&#8243; _module_preset=\u00bbdefault\u00bb global_colors_info=\u00bb{}\u00bb][et_pb_column type=\u00bb4_4&#8243; _builder_version=\u00bb4.17.4&#8243; _module_preset=\u00bbdefault\u00bb global_colors_info=\u00bb{}\u00bb][et_pb_text _builder_version=\u00bb4.17.6&#8243; _module_preset=\u00bbdefault\u00bb text_font=\u00bbPoppins||||||||\u00bb text_font_size=\u00bb16px\u00bb header_font=\u00bbRubik|700|||||||\u00bb global_colors_info=\u00bb{}\u00bb]<\/p>\n<h1><span><strong>Colaboradores edici\u00f3n 2021<\/strong><\/span><\/h1>\n<p>\u00a1Muchas gracias a nuestros colaboradores 2021! Sin vosotros, no hubiera sido posible. <\/p>\n<p>[\/et_pb_text][et_pb_image src=\u00bbhttps:\/\/ciberespiral.org\/wp-content\/uploads\/2022\/07\/colaboradores2021.png\u00bb title_text=\u00bbcolaboradoras2021&#8243; _builder_version=\u00bb4.17.6&#8243; _module_preset=\u00bbdefault\u00bb global_colors_info=\u00bb{}\u00bb][\/et_pb_image][\/et_pb_column][\/et_pb_row][et_pb_row _builder_version=\u00bb4.17.4&#8243; _module_preset=\u00bbdefault\u00bb global_colors_info=\u00bb{}\u00bb][et_pb_column type=\u00bb4_4&#8243; _builder_version=\u00bb4.17.4&#8243; _module_preset=\u00bbdefault\u00bb global_colors_info=\u00bb{}\u00bb][et_pb_text _builder_version=\u00bb4.17.6&#8243; _module_preset=\u00bbdefault\u00bb text_font=\u00bbPoppins||||||||\u00bb text_font_size=\u00bb16px\u00bb header_font=\u00bbRubik|700|||||||\u00bb global_colors_info=\u00bb{}\u00bb]<\/p>\n<h1><span><strong>Colaboradores edici\u00f3n 2020<\/strong><\/span><\/h1>\n<p>\u00a1Muchas gracias a nuestros colaboradores 2020! Sin vosotros, no hubiera sido posible. <\/p>\n<p>[\/et_pb_text][et_pb_image src=\u00bbhttps:\/\/ciberespiral.org\/wp-content\/uploads\/2022\/07\/Muntatge_final2020_HORIZONTAL-scaled.png\u00bb title_text=\u00bbMontaje_final2020_HORIZONTAL\u00bb _builder_version=\u00bb4.17.6&#8243; _module_preset=\u00bbdefault\u00bb global_colors_info=\u00bb{}\u00bb][\/et_pb_image][\/et_pb_column][\/et_pb_row][et_pb_row _builder_version=\u00bb4.17.4&#8243; _module_preset=\u00bbdefault\u00bb global_colors_info=\u00bb{}\u00bb][et_pb_column type=\u00bb4_4&#8243; _builder_version=\u00bb4.17.4&#8243; _module_preset=\u00bbdefault\u00bb global_colors_info=\u00bb{}\u00bb][et_pb_text _builder_version=\u00bb4.17.6&#8243; _module_preset=\u00bbdefault\u00bb text_font=\u00bbPoppins||||||||\u00bb text_font_size=\u00bb16px\u00bb header_font=\u00bbRubik|700|||||||\u00bb global_colors_info=\u00bb{}\u00bb]<\/p>\n<h1><span><strong>Colaboradores edici\u00f3n 2019<\/strong><\/span><\/h1>\n<p>\u00a1Muchas gracias a nuestros colaboradores 2019! Sin vosotros, no hubiera sido posible. <\/p>\n<p>[\/et_pb_text][et_pb_image src=\u00bbhttps:\/\/ciberespiral.org\/wp-content\/uploads\/2022\/07\/Muntatge_final2018_9_horizontal-scaled.png\u00bb title_text=\u00bbMontaje_final2018_9_horizontal\u00bb _builder_version=\u00bb4.17.6&#8243; _module_preset=\u00bbdefault\u00bb global_colors_info=\u00bb{}\u00bb][\/et_pb_image][\/et_pb_column][\/et_pb_row][et_pb_row _builder_version=\u00bb4.17.4&#8243; _module_preset=\u00bbdefault\u00bb global_colors_info=\u00bb{}\u00bb][et_pb_column type=\u00bb4_4&#8243; _builder_version=\u00bb4.17.4&#8243; _module_preset=\u00bbdefault\u00bb global_colors_info=\u00bb{}\u00bb][et_pb_text _builder_version=\u00bb4.17.6&#8243; _module_preset=\u00bbdefault\u00bb text_font=\u00bbPoppins||||||||\u00bb text_font_size=\u00bb16px\u00bb header_font=\u00bbRubik|700|||||||\u00bb global_colors_info=\u00bb{}\u00bb]<\/p>\n<h1><span><strong>Colaboradores edici\u00f3n 2018<\/strong><\/span><\/h1>\n<p>\u00a1Muchas gracias a nuestros colaboradores 2018! Sin vosotros, no hubiera sido posible. <\/p>\n<p>[\/et_pb_text][et_pb_image src=\u00bbhttps:\/\/ciberespiral.org\/wp-content\/uploads\/2022\/07\/Muntatge_final2018_8-scaled.png\u00bb title_text=\u00bbMontaje_final2018_8&#8243; _builder_version=\u00bb4.17.6&#8243; _module_preset=\u00bbdefault\u00bb global_colors_info=\u00bb{}\u00bb][\/et_pb_image][\/et_pb_column][\/et_pb_row][et_pb_row _builder_version=\u00bb4.17.4&#8243; _module_preset=\u00bbdefault\u00bb global_colors_info=\u00bb{}\u00bb][et_pb_column type=\u00bb4_4&#8243; _builder_version=\u00bb4.17.4&#8243; _module_preset=\u00bbdefault\u00bb global_colors_info=\u00bb{}\u00bb][et_pb_text _builder_version=\u00bb4.17.6&#8243; _module_preset=\u00bbdefault\u00bb text_font=\u00bbPoppins||||||||\u00bb text_font_size=\u00bb16px\u00bb header_font=\u00bbRubik|700|||||||\u00bb global_colors_info=\u00bb{}\u00bb]<\/p>\n<h1><span><strong>Colaboradores edici\u00f3n 2017<\/strong><\/span><\/h1>\n<p>\u00a1Muchas gracias a nuestros colaboradores 2017! Sin vosotros, no hubiera sido posible. <\/p>\n<p>[\/et_pb_text][et_pb_image src=\u00bbhttps:\/\/ciberespiral.org\/wp-content\/uploads\/2022\/07\/Muntatge_logosPowerPointBarcelona-scaled.png\u00bb title_text=\u00bbMontaje_logosPowerPointBarcelona\u00bb _builder_version=\u00bb4.17.6&#8243; _module_preset=\u00bbdefault\u00bb global_colors_info=\u00bb{}\u00bb][\/et_pb_image][\/et_pb_column][\/et_pb_row][\/et_pb_section]<\/p>\n","protected":false},"excerpt":{"rendered":"<p>Apoya el programa y ayuda a crear un futuro m\u00e1s inclusivo en tecnolog\u00eda. Como partner, contribuyes con recursos, espacios o apoyo financiero para promover el desarrollo de las pr\u00f3ximas generaciones de l\u00edderes tecnol\u00f3gicas. Colaboradores edici\u00f3n 2025 \u00a1Muchas gracias a nuestros colaboradores 2025! Sin vosotros, no hubiera sido posible. Colaboradores edici\u00f3n 2024 \u00a1Muchas gracias a nuestros [&hellip;]<\/p>\n","protected":false},"author":1,"featured_media":0,"parent":0,"menu_order":0,"comment_status":"closed","ping_status":"closed","template":"","meta":{"_acf_changed":false,"_et_pb_use_builder":"on","_et_pb_old_content":"","_et_gb_content_width":"","footnotes":""},"class_list":["post-14506","page","type-page","status-publish","hentry"],"acf":[],"_links":{"self":[{"href":"https:\/\/ciberespiral.org\/es\/wp-json\/wp\/v2\/pages\/14506","targetHints":{"allow":["GET"]}}],"collection":[{"href":"https:\/\/ciberespiral.org\/es\/wp-json\/wp\/v2\/pages"}],"about":[{"href":"https:\/\/ciberespiral.org\/es\/wp-json\/wp\/v2\/types\/page"}],"author":[{"embeddable":true,"href":"https:\/\/ciberespiral.org\/es\/wp-json\/wp\/v2\/users\/1"}],"replies":[{"embeddable":true,"href":"https:\/\/ciberespiral.org\/es\/wp-json\/wp\/v2\/comments?post=14506"}],"version-history":[{"count":23,"href":"https:\/\/ciberespiral.org\/es\/wp-json\/wp\/v2\/pages\/14506\/revisions"}],"predecessor-version":[{"id":22745,"href":"https:\/\/ciberespiral.org\/es\/wp-json\/wp\/v2\/pages\/14506\/revisions\/22745"}],"wp:attachment":[{"href":"https:\/\/ciberespiral.org\/es\/wp-json\/wp\/v2\/media?parent=14506"}],"curies":[{"name":"wp","href":"https:\/\/api.w.org\/{rel}","templated":true}]}}