{"id":14483,"date":"2022-07-15T08:50:02","date_gmt":"2022-07-15T06:50:02","guid":{"rendered":"https:\/\/ciberespiral.org\/?page_id=14483"},"modified":"2025-09-03T14:31:25","modified_gmt":"2025-09-03T12:31:25","slug":"proyecto-technovation","status":"publish","type":"page","link":"https:\/\/ciberespiral.org\/es\/proyecto-technovation\/","title":{"rendered":"Proyecto Technovation"},"content":{"rendered":"<p>[et_pb_section fb_built=\u00bb1&#8243; fullwidth=\u00bbon\u00bb _builder_version=\u00bb4.17.6&#8243; animation_style=\u00bbslide\u00bb animation_direction=\u00bbtop\u00bb animation_intensity_slide=\u00bb2%\u00bb animation_starting_opacity=\u00bb100%\u00bb da_disable_devices=\u00bboff|off|off\u00bb locked=\u00bboff\u00bb global_colors_info=\u00bb{}\u00bb da_is_popup=\u00bboff\u00bb da_exit_intent=\u00bboff\u00bb da_has_close=\u00bbon\u00bb da_alt_close=\u00bboff\u00bb da_dark_close=\u00bboff\u00bb da_not_modal=\u00bbon\u00bb da_is_singular=\u00bboff\u00bb da_with_loader=\u00bboff\u00bb da_has_shadow=\u00bbon\u00bb][et_pb_fullwidth_header title=\u00bbEl Proyecto\u00bb content_max_width=\u00bb800px\u00bb _builder_version=\u00bb4.18.0&#8243; title_level=\u00bbh2&#8243; title_font=\u00bbRubik Mono One||||||||\u00bb title_font_size=\u00bb42px\u00bb title_line_height=\u00bb1.2em\u00bb content_font=\u00bb||||||||\u00bb content_font_size=\u00bb20px\u00bb content_line_height=\u00bb1.8em\u00bb background_color=\u00bbrgba(255, 255, 255, 0)\u00bb use_background_color_gradient=\u00bbon\u00bb background_color_gradient_direction=\u00bb90deg\u00bb background_color_gradient_stops=\u00bbrgba(0,0,0,0.75) 0%|rgba(0,0,0,0) 100%\u00bb background_color_gradient_overlays_image=\u00bbon\u00bb background_color_gradient_start=\u00bbrgba(0,0,0,0.75)\u00bb background_color_gradient_end=\u00bbrgba(0,0,0,0)\u00bb background_image=\u00bbhttps:\/\/ciberespiral.org\/wp-content\/uploads\/2022\/09\/nenes_techno2-scaled.jpg\u00bb background_position=\u00bbtop_center\u00bb custom_button_one=\u00bbon\u00bb button_one_text_size=\u00bb18px\u00bb button_one_bg_color=\u00bb#02d002&#8243; button_one_border_width=\u00bb8px\u00bb button_one_border_color=\u00bb#02d002&#8243; button_one_border_radius=\u00bb0px\u00bb button_one_letter_spacing=\u00bb1px\u00bb button_one_font=\u00bbLato|700|||||||\u00bb button_one_use_icon=\u00bboff\u00bb custom_button_two=\u00bbon\u00bb button_two_text_size=\u00bb18px\u00bb button_two_text_color=\u00bb#353740&#8243; button_two_bg_color=\u00bb#ffffff\u00bb button_two_border_width=\u00bb8px\u00bb button_two_border_color=\u00bb#ffffff\u00bb button_two_border_radius=\u00bb0px\u00bb button_two_letter_spacing=\u00bb1px\u00bb button_two_font=\u00bbLato|700|||||||\u00bb button_two_use_icon=\u00bboff\u00bb custom_margin=\u00bb|||\u00bb custom_padding=\u00bb8%||8%|\u00bb button_one_letter_spacing_hover=\u00bb1px\u00bb button_two_letter_spacing_hover=\u00bb1px\u00bb locked=\u00bboff\u00bb global_colors_info=\u00bb{}\u00bb button_one_text_size__hover_enabled=\u00bboff\u00bb button_two_text_size__hover_enabled=\u00bboff\u00bb button_one_text_color__hover_enabled=\u00bboff\u00bb button_two_text_color__hover_enabled=\u00bboff\u00bb button_one_border_width__hover_enabled=\u00bboff\u00bb button_two_border_width__hover_enabled=\u00bboff\u00bb button_one_border_color__hover_enabled=\u00bboff\u00bb button_two_border_color__hover_enabled=\u00bboff\u00bb button_one_border_radius__hover_enabled=\u00bboff\u00bb button_two_border_radius__hover_enabled=\u00bboff\u00bb button_one_letter_spacing__hover_enabled=\u00bbon\u00bb button_one_letter_spacing__hover=\u00bb1px\u00bb button_two_letter_spacing__hover_enabled=\u00bbon\u00bb button_two_letter_spacing__hover=\u00bb1px\u00bb button_one_bg_color__hover_enabled=\u00bboff\u00bb button_two_bg_color__hover_enabled=\u00bboff\u00bb][\/et_pb_fullwidth_header][\/et_pb_section][et_pb_section fb_built=\u00bb1&#8243; fullwidth=\u00bbon\u00bb _builder_version=\u00bb4.17.4&#8243; _module_preset=\u00bbdefault\u00bb da_disable_devices=\u00bboff|off|off\u00bb box_shadow_style=\u00bbpreset3&#8243; global_colors_info=\u00bb{}\u00bb da_is_popup=\u00bboff\u00bb da_exit_intent=\u00bboff\u00bb da_has_close=\u00bbon\u00bb da_alt_close=\u00bboff\u00bb da_dark_close=\u00bboff\u00bb da_not_modal=\u00bbon\u00bb da_is_singular=\u00bboff\u00bb da_with_loader=\u00bboff\u00bb da_has_shadow=\u00bbon\u00bb][et_pb_fullwidth_menu menu_id=\u00bb747&#8243; dropdown_menu_active_link_color=\u00bb#A53860&#8243; _builder_version=\u00bb4.27.4&#8243; _module_preset=\u00bbdefault\u00bb global_colors_info=\u00bb{}\u00bb][\/et_pb_fullwidth_menu][\/et_pb_section][et_pb_section fb_built=\u00bb1&#8243; _builder_version=\u00bb4.17.4&#8243; _module_preset=\u00bbdefault\u00bb da_disable_devices=\u00bboff|off|off\u00bb global_colors_info=\u00bb{}\u00bb da_is_popup=\u00bboff\u00bb da_exit_intent=\u00bboff\u00bb da_has_close=\u00bbon\u00bb da_alt_close=\u00bboff\u00bb da_dark_close=\u00bboff\u00bb da_not_modal=\u00bbon\u00bb da_is_singular=\u00bboff\u00bb da_with_loader=\u00bboff\u00bb da_has_shadow=\u00bbon\u00bb][et_pb_row _builder_version=\u00bb4.17.4&#8243; _module_preset=\u00bbdefault\u00bb global_colors_info=\u00bb{}\u00bb][et_pb_column type=\u00bb4_4&#8243; _builder_version=\u00bb4.17.4&#8243; _module_preset=\u00bbdefault\u00bb global_colors_info=\u00bb{}\u00bb][et_pb_text _builder_version=\u00bb4.17.6&#8243; _module_preset=\u00bbdefault\u00bb global_colors_info=\u00bb{}\u00bb]<\/p>\n<p style=\"text-align: center;\"><img loading=\"lazy\" decoding=\"async\" src=\"https:\/\/ciberespiral.org\/wp-content\/uploads\/2022\/07\/logo_technovation_cat-300x103.jpeg\" alt=\"\" class=\"wp-image-13686 alignnone size-medium\" width=\"300\" height=\"103\" \/><\/p>\n<p><a href=\"http:\/\/www.technovationchallenge.org\/\">Technovation Girls<\/a><span>\u00a0es un concurso internacional de\u00a0<strong>tecnolog\u00eda<\/strong>\u00a0y\u00a0<strong>emprendimiento<\/strong>\u00a0que cada a\u00f1o invita a\u00a0<strong>ni\u00f1as<\/strong>\u00a0y\u00a0<strong>adolescentes<\/strong><\/span><span> entre 8-18 a\u00f1os a crear una\u00a0<strong>aplicaci\u00f3n m\u00f3vil<\/strong>\u00a0como soluci\u00f3n tecnol\u00f3gica a un problema social. Las j\u00f3venes utilizan la tecnolog\u00eda como medio para aportar soluciones tecnol\u00f3gicas al a<\/span><span>coso e<\/span><span>scolar, la s<\/span><span>ostenibilidad, el cuidado de las p<\/span><span>ersonas mayores,<\/span><span>\u00a0entre otras.\u00a0 El\u00a0<strong>proceso de ense\u00f1anza-aprendizaje<\/strong>\u00a0de las m\u00e1s j\u00f3venes estar\u00e1 acompa\u00f1ado y guiado por\u00a0una<strong>\u00a0persona mentora<\/strong>\u00a0(mujeres y hombres).<\/span><\/p>\n<p>&nbsp;<\/p>\n<p>[\/et_pb_text][\/et_pb_column][\/et_pb_row][et_pb_row _builder_version=\u00bb4.17.6&#8243; _module_preset=\u00bbdefault\u00bb global_colors_info=\u00bb{}\u00bb][et_pb_column type=\u00bb4_4&#8243; _builder_version=\u00bb4.17.6&#8243; _module_preset=\u00bbdefault\u00bb global_colors_info=\u00bb{}\u00bb][et_pb_video src=\u00bbhttps:\/\/youtu.be\/cRb5iel-3Ck\u00bb _builder_version=\u00bb4.17.6&#8243; _module_preset=\u00bbdefault\u00bb global_colors_info=\u00bb{}\u00bb][\/et_pb_video][\/et_pb_column][\/et_pb_row][et_pb_row column_structure=\u00bb1_3,1_3,1_3&#8243; _builder_version=\u00bb4.17.6&#8243; _module_preset=\u00bbdefault\u00bb global_colors_info=\u00bb{}\u00bb][et_pb_column type=\u00bb1_3&#8243; _builder_version=\u00bb4.17.6&#8243; _module_preset=\u00bbdefault\u00bb global_colors_info=\u00bb{}\u00bb][et_pb_video src=\u00bbhttps:\/\/youtu.be\/ZtKpnwEfn40&#8243; _builder_version=\u00bb4.17.6&#8243; _module_preset=\u00bbdefault\u00bb global_colors_info=\u00bb{}\u00bb][\/et_pb_video][\/et_pb_column][et_pb_column type=\u00bb1_3&#8243; _builder_version=\u00bb4.17.6&#8243; _module_preset=\u00bbdefault\u00bb global_colors_info=\u00bb{}\u00bb][et_pb_video src=\u00bbhttps:\/\/youtu.be\/0pLWtVi26uE\u00bb _builder_version=\u00bb4.17.6&#8243; _module_preset=\u00bbdefault\u00bb global_colors_info=\u00bb{}\u00bb][\/et_pb_video][\/et_pb_column][et_pb_column type=\u00bb1_3&#8243; _builder_version=\u00bb4.17.6&#8243; _module_preset=\u00bbdefault\u00bb global_colors_info=\u00bb{}\u00bb][et_pb_video src=\u00bbhttps:\/\/youtu.be\/ni1AHIoCfoE\u00bb _builder_version=\u00bb4.17.6&#8243; _module_preset=\u00bbdefault\u00bb global_colors_info=\u00bb{}\u00bb][\/et_pb_video][\/et_pb_column][\/et_pb_row][et_pb_row _builder_version=\u00bb4.17.6&#8243; _module_preset=\u00bbdefault\u00bb global_colors_info=\u00bb{}\u00bb][et_pb_column type=\u00bb4_4&#8243; _builder_version=\u00bb4.17.6&#8243; _module_preset=\u00bbdefault\u00bb global_colors_info=\u00bb{}\u00bb][et_pb_text _builder_version=\u00bb4.27.4&#8243; _module_preset=\u00bbdefault\u00bb hover_enabled=\u00bb0&#8243; global_colors_info=\u00bb{}\u00bb sticky_enabled=\u00bb0&#8243;]<\/p>\n<p><span>En este\u00a0<\/span><a href=\"https:\/\/docs.google.com\/presentation\/d\/e\/2PACX-1vTfWwXgKJN8p3LyNO0sLqjC-jMuxNeiAAM-JqSADQOKnLcuI6NM25i3s11wYn1q1jamRIOe9esjH8BA\/pub?start=false&amp;loop=false&amp;delayms=3000\" target=\"_blank\" rel=\"noopener\">enlace<\/a><span>\u00a0puedes consultar una<\/span><a href=\"https:\/\/docs.google.com\/presentation\/d\/1MiE_xs6EILRyWSdOkpNH7SJEn4-Vm_UAVq0WbCA4O5M\/edit?usp=sharing\">\u00a0<\/a><span>breve descripci\u00f3n del proyecto:<\/span><\/p>\n<p>[\/et_pb_text][et_pb_code _builder_version=\u00bb4.27.4&#8243; _module_preset=\u00bbdefault\u00bb hover_enabled=\u00bb0&#8243; global_colors_info=\u00bb{}\u00bb sticky_enabled=\u00bb0&#8243;]<iframe loading=\"lazy\" src=\"https:\/\/docs.google.com\/presentation\/d\/e\/2PACX-1vTfWwXgKJN8p3LyNO0sLqjC-jMuxNeiAAM-JqSADQOKnLcuI6NM25i3s11wYn1q1jamRIOe9esjH8BA\/embed?start=false&#038;loop=false&#038;delayms=3000\" frameborder=\"0\" width=\"960\" height=\"569\" allowfullscreen=\"true\" mozallowfullscreen=\"true\" webkitallowfullscreen=\"true\"><\/iframe>[\/et_pb_code][et_pb_text _builder_version=\u00bb4.17.6&#8243; _module_preset=\u00bbdefault\u00bb global_colors_info=\u00bb{}\u00bb]<\/p>\n<h3><span><strong>Quiero participar en Technovation Girls \u00bfc\u00f3mo puedo\u00a0empezar?<\/strong><\/span><span><strong><\/strong><\/span><\/h3>\n<p>[\/et_pb_text][\/et_pb_column][\/et_pb_row][et_pb_row column_structure=\u00bb1_2,1_2&#8243; _builder_version=\u00bb4.17.6&#8243; _module_preset=\u00bbdefault\u00bb global_colors_info=\u00bb{}\u00bb][et_pb_column type=\u00bb1_2&#8243; _builder_version=\u00bb4.17.6&#8243; _module_preset=\u00bbdefault\u00bb global_colors_info=\u00bb{}\u00bb][et_pb_text _builder_version=\u00bb4.17.6&#8243; _module_preset=\u00bbdefault\u00bb global_colors_info=\u00bb{}\u00bb]<\/p>\n<p><span><strong>Si eres una chica entre 8-18 a\u00f1os:<\/strong><\/span><\/p>\n<ul>\n<li><span>Explica\u00a0el programa a tus compa\u00f1eras de<strong>\u00a0la escuela\u00a0<\/strong>(Puedes\u00a0utilizar la presentaci\u00f3n anteriormente citada). Si eres de Barcelona, tambi\u00e9n puedes dirigirte a la\u00a0<strong>biblioteca<\/strong>\u00a0m\u00e1s cercana de tu casa y preguntar por Technovation Girls.<\/span><\/li>\n<li><span>Anima\u00a0a las chicas de tu escuela\u00a0a crear sus propios<strong>\u00a0grupos<\/strong>\u00a0(m\u00e1ximo 5 miembros).<\/span><\/li>\n<li><span>Encuentra a\u00a0una<strong>\u00a0persona mentora\u00a0<\/strong>que<strong>\u00a0acompa\u00f1e\u00a0<\/strong>y\u00a0<strong>gu\u00ede<\/strong>\u00a0al grupo en el proceso de ense\u00f1anza-aprendizaje.\u00a0En caso de no encontrar personas mentoras, nosotras podemos ayudaros\u00a0a encontrarla.<\/span><\/li>\n<li><span>Una vez hayas formado un grupo con tus compa\u00f1eras, deb\u00e9is\u00a0<strong>inscribirlo<\/strong>\u00a0en la\u00a0<strong>web oficial\u00a0<\/strong>de Technovation Girls (<a href=\"http:\/\/www.technovationchallenge.org\/\">www.technovationchallenge.org\u200b<\/a>). Desde la Embajada Regional, nosotras accederemos a vuestros datos y a los de vuestros equipos, de manera que os podremos contactar en el futuro.<\/span><span>\u00a0<\/span>\u200b<\/li>\n<\/ul>\n<p>[\/et_pb_text][\/et_pb_column][et_pb_column type=\u00bb1_2&#8243; _builder_version=\u00bb4.17.6&#8243; _module_preset=\u00bbdefault\u00bb global_colors_info=\u00bb{}\u00bb][et_pb_text _builder_version=\u00bb4.17.6&#8243; _module_preset=\u00bbdefault\u00bb global_colors_info=\u00bb{}\u00bb]<\/p>\n<p><span><strong>Si eres una persona adulta interesada en mentorizar a un grupo de j\u00f3venes:<\/strong><\/span><\/p>\n<ul>\n<li><span>Contacta con nosotras en\u00a0<a href=\"http:\/\/girls4change@ciberespiral.org\/\"><span id=\"cloak1b118c5f75b654b3c0036dd877c064a8\"><\/span><\/a><a href=\"mailto:girls4change@ciberespiral.org\">technovationcat@ciberespiral.org<\/a>\u00a0o reg\u00edstrate en la web oficial de\u00a0<a href=\"http:\/\/www.technovationchallenge.org\/\">Technovation Girls<\/a>\u00a0para que sepamos que quieres mentorizar un grupo de chicas.<\/span><\/li>\n<li><span>Encuentra a tu(s) grupo(s). En caso de no encontrar un grupo, nosotras podemos ayudarte para asignarte uno.\u200b La dedicaci\u00f3n de la persona mentora es\u00a0de entre 2 y 4 horas a la semana. \u200bNo es necesario un perfil tecnol\u00f3gico y adem\u00e1s\u00a0es posible co-mentorizar el equipo.<\/span><\/li>\n<li><span>\u00danete al grupo de telegram para poder compartir dudas con las\/os mentoras:\u00a0<a data-saferedirecturl=\"https:\/\/www.google.com\/url?q=https:\/\/t.me\/infoTechnovationCAT&amp;source=gmail&amp;ust=1611950801115000&amp;usg=AFQjCNEwJbhC1sudXTUdTjPubsAycSiF-A\" href=\"https:\/\/t.me\/infoTechnovationCAT\" target=\"_blank\" rel=\"noopener\">https:\/\/t.me\/<wbr \/>infoTechnovationCAT<\/a>\u00a0\u200b<\/span><span><strong><\/strong><\/span><\/li>\n<\/ul>\n<p>[\/et_pb_text][\/et_pb_column][\/et_pb_row][et_pb_row _builder_version=\u00bb4.17.6&#8243; _module_preset=\u00bbdefault\u00bb global_colors_info=\u00bb{}\u00bb][et_pb_column type=\u00bb4_4&#8243; _builder_version=\u00bb4.17.6&#8243; _module_preset=\u00bbdefault\u00bb global_colors_info=\u00bb{}\u00bb][et_pb_text _builder_version=\u00bb4.17.6&#8243; _module_preset=\u00bbdefault\u00bb global_colors_info=\u00bb{}\u00bb]<\/p>\n<h3><span><strong>\u00bf\u200bQu\u00e9 te ofrece Technovation Girls?<\/strong><\/span><\/h3>\n<ul>\n<li><span><strong>Apoyo y\u00a0acompa\u00f1amiento continuo a trav\u00e9s de canales digitales (twitter, instagram, telegram, aula moodle)<\/strong>, a trav\u00e9s de los cuales formaremos una comunidad de aprendizaje para las mentoras.<\/span><\/li>\n<li><span><strong>Sesiones de orientaci\u00f3n<\/strong>\u00a0para mentoras\/es\u00a0 donde se ofrece informaci\u00f3n sobre el programa,\u00a0metas y objetivos,\u00a0el rol de mentor, el valor del trabajo en equipo y con las mentoras y\u00a0las tecnolog\u00edas para desarrollar la aplicaci\u00f3n m\u00f3vil (configuraci\u00f3n de los equipos, herramientas y tutoriales disponibles)<\/span><\/li>\n<li><span><strong>Formaciones exclusivas\u00a0<\/strong>sobre los cuatro pilares del proyecto,\u00a0<strong>innovaci\u00f3n<\/strong>,\u00a0<strong>emprendimiento<\/strong>,<strong>\u00a0tecnolog\u00eda<\/strong>\u00a0y\u00a0<strong>comunicaci\u00f3n.\u00a0<\/strong><strong>\u00a0<\/strong><\/span><\/li>\n<li><span><strong>Consejos y asesoramientos\u00a0<\/strong>especiales\u00a0con\u00a0<strong>Coach expertas<\/strong>\u00a0que nos ayudan a abordar el reto Technovation Girl.<\/span><\/li>\n<\/ul>\n<h3><span><strong>\u00bfEst\u00e1s interesada?\u00a0<\/strong><\/span><\/h3>\n<p><span>Technovation Girl es un reto muy emocionante.\u00a0<strong>Es un concurso\u00a0que va m\u00e1s all\u00e1, mostrando a las m\u00e1s j\u00f3venes que ellas tambi\u00e9n son protagonistas del \u00e1mbito\u00a0tecnol\u00f3gico y empresarial.<\/strong><\/span><\/p>\n<p><span>Si quieres m\u00e1s informaci\u00f3n, contacta con nosotras en:<\/span><\/p>\n<p><span><strong>Correo electr\u00f3nico: <\/strong><a href=\"http:\/\/girls4change@ciberespiral.org\/\"><span id=\"cloaka1466dabbe69eec2c03e6b1f1301234a\"><\/span><\/a><a href=\"http:\/\/girls4change@ciberespiral.org\/\"><span id=\"cloak1b118c5f75b654b3c0036dd877c064a8\"><\/span><\/a><a href=\"mailto:girls4change@ciberespiral.org\">technovationcat<\/a><a href=\"mailto:girls4change@ciberespiral.org\">@ciberespiral.org<\/a><\/span><span><\/span><\/p>\n<p><span><strong>\u00a1Contamos con vosotras para acompa\u00f1ar a m\u00e1s chicas hacia el \u00e9xito!<\/strong><\/span><\/p>\n<p>[\/et_pb_text][\/et_pb_column][\/et_pb_row][\/et_pb_section][et_pb_section fb_built=\u00bb1&#8243; _builder_version=\u00bb4.17.6&#8243; _module_preset=\u00bbdefault\u00bb da_disable_devices=\u00bboff|off|off\u00bb global_colors_info=\u00bb{}\u00bb da_is_popup=\u00bboff\u00bb da_exit_intent=\u00bboff\u00bb da_has_close=\u00bbon\u00bb da_alt_close=\u00bboff\u00bb da_dark_close=\u00bboff\u00bb da_not_modal=\u00bbon\u00bb da_is_singular=\u00bboff\u00bb da_with_loader=\u00bboff\u00bb da_has_shadow=\u00bbon\u00bb][et_pb_row _builder_version=\u00bb4.17.6&#8243; _module_preset=\u00bbdefault\u00bb global_colors_info=\u00bb{}\u00bb][et_pb_column type=\u00bb4_4&#8243; _builder_version=\u00bb4.17.6&#8243; _module_preset=\u00bbdefault\u00bb global_colors_info=\u00bb{}\u00bb][et_pb_social_media_follow follow_button=\u00bbon\u00bb icon_color=\u00bb#FFFFFF\u00bb admin_label=\u00bbicones socials\u00bb _builder_version=\u00bb4.17.6&#8243; _module_preset=\u00bbdefault\u00bb text_orientation=\u00bbcenter\u00bb global_colors_info=\u00bb{}\u00bb][et_pb_social_media_follow_network social_network=\u00bbtwitter\u00bb url=\u00bbhttps:\/\/twitter.com\/TechnovationCat\u00bb _builder_version=\u00bb4.22.2&#8243; _module_preset=\u00bbdefault\u00bb background_color=\u00bb#000000&#8243; global_colors_info=\u00bb{}\u00bb follow_button=\u00bbon\u00bb url_new_window=\u00bbon\u00bb]twitter[\/et_pb_social_media_follow_network][et_pb_social_media_follow_network social_network=\u00bbinstagram\u00bb url=\u00bbhttps:\/\/www.instagram.com\/technovationcat\/\u00bb _builder_version=\u00bb4.17.6&#8243; _module_preset=\u00bbdefault\u00bb background_color=\u00bb#ea2c59&#8243; global_colors_info=\u00bb{}\u00bb follow_button=\u00bbon\u00bb url_new_window=\u00bbon\u00bb]instagram[\/et_pb_social_media_follow_network][et_pb_social_media_follow_network social_network=\u00bbtelegram\u00bb url=\u00bbhttps:\/\/t.me\/infotechnovationcat%20%E2%80%8B\u00bb _builder_version=\u00bb4.17.6&#8243; _module_preset=\u00bbdefault\u00bb background_color=\u00bb#179cde\u00bb global_colors_info=\u00bb{}\u00bb follow_button=\u00bbon\u00bb url_new_window=\u00bbon\u00bb]telegram[\/et_pb_social_media_follow_network][et_pb_social_media_follow_network social_network=\u00bblinkedin\u00bb url=\u00bbhttps:\/\/www.linkedin.com\/company\/technovationcat\/\u00bb _builder_version=\u00bb4.17.6&#8243; _module_preset=\u00bbdefault\u00bb background_color=\u00bb#007bb6&#8243; global_colors_info=\u00bb{}\u00bb follow_button=\u00bbon\u00bb url_new_window=\u00bbon\u00bb]linkedin[\/et_pb_social_media_follow_network][\/et_pb_social_media_follow][\/et_pb_column][\/et_pb_row][\/et_pb_section]<\/p>\n","protected":false},"excerpt":{"rendered":"<p>Technovation Girls\u00a0es un concurso internacional de\u00a0tecnolog\u00eda\u00a0y\u00a0emprendimiento\u00a0que cada a\u00f1o invita a\u00a0ni\u00f1as\u00a0y\u00a0adolescentes entre 8-18 a\u00f1os a crear una\u00a0aplicaci\u00f3n m\u00f3vil\u00a0como soluci\u00f3n tecnol\u00f3gica a un problema social. Las j\u00f3venes utilizan la tecnolog\u00eda como medio para aportar soluciones tecnol\u00f3gicas al acoso escolar, la sostenibilidad, el cuidado de las personas mayores,\u00a0entre otras.\u00a0 El\u00a0proceso de ense\u00f1anza-aprendizaje\u00a0de las m\u00e1s j\u00f3venes estar\u00e1 acompa\u00f1ado y [&hellip;]<\/p>\n","protected":false},"author":1,"featured_media":0,"parent":0,"menu_order":0,"comment_status":"closed","ping_status":"closed","template":"","meta":{"_acf_changed":false,"_et_pb_use_builder":"on","_et_pb_old_content":"","_et_gb_content_width":"","footnotes":""},"class_list":["post-14483","page","type-page","status-publish","hentry"],"acf":[],"_links":{"self":[{"href":"https:\/\/ciberespiral.org\/es\/wp-json\/wp\/v2\/pages\/14483","targetHints":{"allow":["GET"]}}],"collection":[{"href":"https:\/\/ciberespiral.org\/es\/wp-json\/wp\/v2\/pages"}],"about":[{"href":"https:\/\/ciberespiral.org\/es\/wp-json\/wp\/v2\/types\/page"}],"author":[{"embeddable":true,"href":"https:\/\/ciberespiral.org\/es\/wp-json\/wp\/v2\/users\/1"}],"replies":[{"embeddable":true,"href":"https:\/\/ciberespiral.org\/es\/wp-json\/wp\/v2\/comments?post=14483"}],"version-history":[{"count":12,"href":"https:\/\/ciberespiral.org\/es\/wp-json\/wp\/v2\/pages\/14483\/revisions"}],"predecessor-version":[{"id":22193,"href":"https:\/\/ciberespiral.org\/es\/wp-json\/wp\/v2\/pages\/14483\/revisions\/22193"}],"wp:attachment":[{"href":"https:\/\/ciberespiral.org\/es\/wp-json\/wp\/v2\/media?parent=14483"}],"curies":[{"name":"wp","href":"https:\/\/api.w.org\/{rel}","templated":true}]}}